{"id":108,"date":"2016-03-14T20:41:46","date_gmt":"2016-03-14T20:41:46","guid":{"rendered":"http:\/\/diskstation\/wordpress\/?page_id=108"},"modified":"2020-08-30T19:30:17","modified_gmt":"2020-08-30T19:30:17","slug":"termine","status":"publish","type":"page","link":"https:\/\/gud-zwingenberg.de\/?page_id=108","title":{"rendered":"Termine"},"content":{"rendered":"<ul>\n<li><strong>INFO-VERANSTALTUNG: <em><span style=\"color: #0000ff;\"><a style=\"color: #0000ff;\" href=\"https:\/\/gud-zwingenberg.de\/?p=1318\">Besichtigung klimarelevanter B\u00e4ume in Zwingenberg<\/a><\/span><\/em><\/strong> (<em><strong>Sa, 05. September 2020 um 17:00 am Melibokusparkplatz<\/strong><\/em>)<br \/><span style=\"color: #ffffff;\">_<\/span><\/li>\n<li><b>\u00d6ffentliche Fraktionssitzung der GUD<\/b>: Mitwochs, 20:00h, wechselnde Orte, bitte fragen Sie eine <a href=\"https:\/\/gud-zwingenberg.de\/?page_id=114\">AnsprechpartnerIn<\/a>.<br \/><span style=\"color: #ffffff;\">_<\/span><\/li>\n<li><strong>Weitere Termine f\u00fcr \u00f6ffentliche Sitzungen der st\u00e4dtischen Gremien<\/strong> finden sie auf der <a href=\"https:\/\/zwingenberg.more-rubin1.de\">Homepage unserer Stadt<\/a>.<\/li>\n<\/ul>\n\n\n<h2 class=\"wp-block-heading\"><\/h2>\n","protected":false},"excerpt":{"rendered":"<p>INFO-VERANSTALTUNG: Besichtigung klimarelevanter B\u00e4ume in Zwingenberg (Sa, 05. September 2020 um 17:00 am Melibokusparkplatz)_ \u00d6ffentliche Fraktionssitzung der GUD: Mitwochs, 20:00h, wechselnde Orte, bitte fragen Sie eine AnsprechpartnerIn._ Weitere Termine f\u00fcr \u00f6ffentliche Sitzungen der st\u00e4dtischen Gremien finden sie auf der Homepage unserer Stadt.<\/p>\n","protected":false},"author":2,"featured_media":0,"parent":0,"menu_order":0,"comment_status":"closed","ping_status":"closed","template":"","meta":{"footnotes":""},"class_list":["post-108","page","type-page","status-publish","hentry"],"jetpack_sharing_enabled":true,"jetpack_shortlink":"https:\/\/wp.me\/P7BMaa-1K","jetpack-related-posts":[],"_links":{"self":[{"href":"https:\/\/gud-zwingenberg.de\/index.php?rest_route=\/wp\/v2\/pages\/108","targetHints":{"allow":["GET"]}}],"collection":[{"href":"https:\/\/gud-zwingenberg.de\/index.php?rest_route=\/wp\/v2\/pages"}],"about":[{"href":"https:\/\/gud-zwingenberg.de\/index.php?rest_route=\/wp\/v2\/types\/page"}],"author":[{"embeddable":true,"href":"https:\/\/gud-zwingenberg.de\/index.php?rest_route=\/wp\/v2\/users\/2"}],"replies":[{"embeddable":true,"href":"https:\/\/gud-zwingenberg.de\/index.php?rest_route=%2Fwp%2Fv2%2Fcomments&post=108"}],"version-history":[{"count":27,"href":"https:\/\/gud-zwingenberg.de\/index.php?rest_route=\/wp\/v2\/pages\/108\/revisions"}],"predecessor-version":[{"id":1327,"href":"https:\/\/gud-zwingenberg.de\/index.php?rest_route=\/wp\/v2\/pages\/108\/revisions\/1327"}],"wp:attachment":[{"href":"https:\/\/gud-zwingenberg.de\/index.php?rest_route=%2Fwp%2Fv2%2Fmedia&parent=108"}],"curies":[{"name":"wp","href":"https:\/\/api.w.org\/{rel}","templated":true}]}}