{"id":116,"date":"2016-03-14T22:46:14","date_gmt":"2016-03-14T20:46:14","guid":{"rendered":"http:\/\/diskstation\/wordpress\/?page_id=116"},"modified":"2016-05-05T17:47:36","modified_gmt":"2016-05-05T17:47:36","slug":"links","status":"publish","type":"page","link":"https:\/\/gud-zwingenberg.de\/?page_id=116","title":{"rendered":"Links"},"content":{"rendered":"<p><strong>Zwingenberg im Internet<\/strong><\/p>\n<p style=\"padding-left: 30px;\"><a href=\"http:\/\/www.zwingenberg.de\" target=\"_blank\">Offizielle Homepage der Stadt Zwingenberg an der Bergstra\u00dfe<\/a><br \/>\n<a href=\"https:\/\/de.wikipedia.org\/wiki\/Zwingenberg_%28Bergstra%C3%9Fe%29\">Zwingenberg bei Wikipedia<\/a><\/p>\n<p><strong>Zwingenberger Politik<\/strong><\/p>\n<p style=\"padding-left: 30px;\"><a href=\"http:\/\/www.gud-zwingenberg.de\/\" target=\"_blank\">GUD Gemeinschaft f\u00fcr Umweltschutz und Demokratie Zwingenberg<\/a><br \/>\n<a href=\"http:\/\/www.spd-zwingenberg.de\/\"> SPD Zwingenberg<\/a><br \/>\n<a href=\"http:\/\/cdu-zwingenberg.de\/\"> CDU Zwingenberg<\/a><br \/>\n<a href=\"http:\/\/www.fdp-bergstrasse.de\/\"> FDP Bergstra\u00dfe<\/a><br \/>\n<a href=\"http:\/\/www.fdp-bergstrasse.de\/\"> FWZ Zwingenberg<\/a><\/p>\n<p><strong>Gr\u00fcne<\/strong><\/p>\n<p style=\"padding-left: 30px;\"><a href=\"http:\/\/www.gruene-bensheim.de\/\">Gr\u00fcne Liste Bensheim<\/a><br \/>\n<a href=\"http:\/\/www.gruene-bergstrasse.de\/aktuell\/\" target=\"_blank\">Gr\u00fcne Bergstrasse<\/a><br \/>\n<a href=\"https:\/\/gruene-jugend.de\/\" target=\"_blank\">Gr\u00fcne Jugend<\/a><\/p>\n<p><strong>Lokale Presse<\/strong><\/p>\n<p style=\"padding-left: 30px;\"><a href=\"http:\/\/www.bergstrasse.de\">www.bergstrasse.de<\/a><br \/>\n<a href=\"http:\/\/www.marktplatz-bergstrasse.de\"> www.marktplatz-bergstrasse.de<\/a><br \/>\n<a href=\"http:\/\/www.ipunkt24.de\"> www.ipunkt24.de<\/a><br \/>\n<a href=\"http:\/\/www.morgenweb.de\/region\/bergstrasser-anzeiger\" target=\"_blank\">Bergstr\u00e4sser Anzeiger<\/a><br \/>\n<a href=\"http:\/\/www.echo-online.de\/index.htm\" target=\"_blank\">Darmst\u00e4dter Echo<\/a><\/p>\n<p><strong>Umweltschutzorganisationen in der Region<\/strong><\/p>\n<p style=\"padding-left: 30px;\"><a href=\"http:\/\/www.bund-bensheim.de\/\" target=\"_blank\">BUND Bensheim<\/a><\/p>\n<p><strong>Sonstiges<\/strong><\/p>\n<p style=\"padding-left: 30px;\"><a href=\"http:\/\/www.wirtschaftsregion-bergstrasse.de\/\">Wirtschaftsregion Bergstra\u00dfe\/Wirtschaftsf\u00f6rderung<\/a><br \/>\n<a href=\"http:\/\/www.kreis-bergstrasse.de\/\"> Kreisverwaltung Bergstra\u00dfe<\/a><\/p>\n<p><em><br \/>\nHaftungshinweis<\/em>: Trotz sorgf\u00e4ltiger inhaltlicher Kontrolle \u00fcbernehmen wir keine Haftung f\u00fcr die Inhalte externer Links.<br \/>\nF\u00fcr den Inhalt verlinkter Seiten sind ausschlie\u00dflich deren Betreiber verantwortlich.<\/p>\n","protected":false},"excerpt":{"rendered":"<p>Zwingenberg im Internet Offizielle Homepage der Stadt Zwingenberg an der Bergstra\u00dfe Zwingenberg bei Wikipedia Zwingenberger Politik GUD Gemeinschaft f\u00fcr Umweltschutz und Demokratie Zwingenberg SPD Zwingenberg CDU Zwingenberg FDP Bergstra\u00dfe FWZ Zwingenberg Gr\u00fcne Gr\u00fcne Liste Bensheim Gr\u00fcne Bergstrasse Gr\u00fcne Jugend Lokale Presse www.bergstrasse.de www.marktplatz-bergstrasse.de www.ipunkt24.de Bergstr\u00e4sser Anzeiger Darmst\u00e4dter Echo Umweltschutzorganisationen in der Region BUND Bensheim Sonstiges &hellip; <a href=\"https:\/\/gud-zwingenberg.de\/?page_id=116\" class=\"more-link\"><span class=\"screen-reader-text\">Links<\/span> weiterlesen<\/a><\/p>\n","protected":false},"author":2,"featured_media":0,"parent":0,"menu_order":0,"comment_status":"closed","ping_status":"closed","template":"","meta":{"footnotes":""},"class_list":["post-116","page","type-page","status-publish","hentry"],"jetpack_sharing_enabled":true,"jetpack_shortlink":"https:\/\/wp.me\/P7BMaa-1S","jetpack-related-posts":[],"_links":{"self":[{"href":"https:\/\/gud-zwingenberg.de\/index.php?rest_route=\/wp\/v2\/pages\/116","targetHints":{"allow":["GET"]}}],"collection":[{"href":"https:\/\/gud-zwingenberg.de\/index.php?rest_route=\/wp\/v2\/pages"}],"about":[{"href":"https:\/\/gud-zwingenberg.de\/index.php?rest_route=\/wp\/v2\/types\/page"}],"author":[{"embeddable":true,"href":"https:\/\/gud-zwingenberg.de\/index.php?rest_route=\/wp\/v2\/users\/2"}],"replies":[{"embeddable":true,"href":"https:\/\/gud-zwingenberg.de\/index.php?rest_route=%2Fwp%2Fv2%2Fcomments&post=116"}],"version-history":[{"count":10,"href":"https:\/\/gud-zwingenberg.de\/index.php?rest_route=\/wp\/v2\/pages\/116\/revisions"}],"predecessor-version":[{"id":486,"href":"https:\/\/gud-zwingenberg.de\/index.php?rest_route=\/wp\/v2\/pages\/116\/revisions\/486"}],"wp:attachment":[{"href":"https:\/\/gud-zwingenberg.de\/index.php?rest_route=%2Fwp%2Fv2%2Fmedia&parent=116"}],"curies":[{"name":"wp","href":"https:\/\/api.w.org\/{rel}","templated":true}]}}