{"id":120,"date":"2016-03-14T22:47:29","date_gmt":"2016-03-14T20:47:29","guid":{"rendered":"http:\/\/diskstation\/wordpress\/?page_id=120"},"modified":"2021-03-07T21:33:22","modified_gmt":"2021-03-07T21:33:22","slug":"wer-wir-sind","status":"publish","type":"page","link":"https:\/\/gud-zwingenberg.de\/?page_id=120","title":{"rendered":"Unsere Kandidaten 2021"},"content":{"rendered":"\n<p>Die Gemeinschaft f\u00fcr Umweltschutz und Demokratie vertritt Sie im Stadtparlament, dem Magistrat und den Fachaussch\u00fcssen. Auf den folgenden Seiten finden Sie die Kurzportraits Ihrer aktuellen Vertretung sowie unserer Kandidaten f\u00fcr die <strong>Wahl zum Stadtparlament<\/strong> am <strong>14. M\u00e4rz 2021<\/strong>.<\/p>\n\n\n\n<hr class=\"wp-block-separator has-text-color has-background is-style-default\" style=\"background-color:#1cdf0a;color:#1cdf0a\"\/>\n\n\n\n<h2 class=\"has-text-align-center wp-block-heading\"><strong>Liste 7 GU<\/strong>D<\/h2>\n\n\n\n<p style=\"font-size:11px\"> <br><\/p>\n\n\n\n<ol class=\"wp-block-list\"><li><a href=\"https:\/\/gud-zwingenberg.de\/?page_id=175\">Evelyn Berg<\/a>, Soziologin<\/li><li><a href=\"https:\/\/gud-zwingenberg.de\/?page_id=177\">Ulrich K\u00fchnhold<\/a>, Unternehmensberater<\/li><li><a href=\"https:\/\/gud-zwingenberg.de\/?page_id=183\">Maria Paulsen<\/a>, Steuerberaterin<\/li><li><a href=\"https:\/\/gud-zwingenberg.de\/?page_id=179\">Detlef Kannengie\u00dfer<\/a>, Ingenieur<\/li><li><a href=\"https:\/\/gud-zwingenberg.de\/?page_id=181\">Nicola Sp\u00e4th<\/a>, kaufm\u00e4nnische Angestellte<\/li><li><a href=\"https:\/\/gud-zwingenberg.de\/?page_id=1448\">Martin Giebeler<\/a>, Ingenieur<\/li><li><a href=\"https:\/\/gud-zwingenberg.de\/?page_id=1451\">Monika Kuntz<\/a>, Kauffrau i.R.<\/li><li><a href=\"https:\/\/gud-zwingenberg.de\/?page_id=1453\">Wolfgang Lehrian<\/a>, Ingenieur<\/li><li><a href=\"https:\/\/gud-zwingenberg.de\/?page_id=1456\">Anne-Kattrin Lessing<\/a>, \u00c4rztin<\/li><li><a href=\"https:\/\/gud-zwingenberg.de\/?page_id=501\">Dominik Fliess<\/a>, Wirtschaftsingenieur<\/li><li>Renate Weber, Pension\u00e4rin<\/li><li>Christoph Adlfinger-Pullmann, Lichtplaner<\/li><li>Sibylle Kaiser, Managerin<\/li><li>Tibor K\u00fchnhold, Student<\/li><li>Claudia Grie\u00dfer, Hausfrau<\/li><li>Dieter Beck, P\u00e4dagoge<\/li><li>Angela Kannengie\u00dfer, Sozialp\u00e4dagogin<\/li><li>Martin Kannengie\u00dfer, Student<\/li><li>Christiane E\u00dfinger, Verwaltungswirtin<\/li><\/ol>\n\n\n\n<p><\/p>\n\n\n\n<hr class=\"wp-block-separator has-text-color has-background\" style=\"background-color:#22e611;color:#22e611\"\/>\n\n\n\n<p><\/p>\n\n\n\n<p><\/p>\n","protected":false},"excerpt":{"rendered":"<p>Die Gemeinschaft f\u00fcr Umweltschutz und Demokratie vertritt Sie im Stadtparlament, dem Magistrat und den Fachaussch\u00fcssen. Auf den folgenden Seiten finden Sie die Kurzportraits Ihrer aktuellen Vertretung sowie unserer Kandidaten f\u00fcr die Wahl zum Stadtparlament am 14. M\u00e4rz 2021. Liste 7 GUD Evelyn Berg, Soziologin Ulrich K\u00fchnhold, Unternehmensberater Maria Paulsen, Steuerberaterin Detlef Kannengie\u00dfer, Ingenieur Nicola Sp\u00e4th, &hellip; <a href=\"https:\/\/gud-zwingenberg.de\/?page_id=120\" class=\"more-link\"><span class=\"screen-reader-text\">Unsere Kandidaten 2021<\/span> weiterlesen<\/a><\/p>\n","protected":false},"author":2,"featured_media":1376,"parent":0,"menu_order":0,"comment_status":"closed","ping_status":"closed","template":"","meta":{"footnotes":""},"class_list":["post-120","page","type-page","status-publish","has-post-thumbnail","hentry"],"jetpack_sharing_enabled":true,"jetpack_shortlink":"https:\/\/wp.me\/P7BMaa-1W","jetpack-related-posts":[],"_links":{"self":[{"href":"https:\/\/gud-zwingenberg.de\/index.php?rest_route=\/wp\/v2\/pages\/120","targetHints":{"allow":["GET"]}}],"collection":[{"href":"https:\/\/gud-zwingenberg.de\/index.php?rest_route=\/wp\/v2\/pages"}],"about":[{"href":"https:\/\/gud-zwingenberg.de\/index.php?rest_route=\/wp\/v2\/types\/page"}],"author":[{"embeddable":true,"href":"https:\/\/gud-zwingenberg.de\/index.php?rest_route=\/wp\/v2\/users\/2"}],"replies":[{"embeddable":true,"href":"https:\/\/gud-zwingenberg.de\/index.php?rest_route=%2Fwp%2Fv2%2Fcomments&post=120"}],"version-history":[{"count":9,"href":"https:\/\/gud-zwingenberg.de\/index.php?rest_route=\/wp\/v2\/pages\/120\/revisions"}],"predecessor-version":[{"id":1556,"href":"https:\/\/gud-zwingenberg.de\/index.php?rest_route=\/wp\/v2\/pages\/120\/revisions\/1556"}],"wp:featuredmedia":[{"embeddable":true,"href":"https:\/\/gud-zwingenberg.de\/index.php?rest_route=\/wp\/v2\/media\/1376"}],"wp:attachment":[{"href":"https:\/\/gud-zwingenberg.de\/index.php?rest_route=%2Fwp%2Fv2%2Fmedia&parent=120"}],"curies":[{"name":"wp","href":"https:\/\/api.w.org\/{rel}","templated":true}]}}