{"id":130,"date":"2016-03-17T23:40:46","date_gmt":"2016-03-17T21:40:46","guid":{"rendered":"http:\/\/diskstation\/wordpress\/?page_id=130"},"modified":"2026-02-21T15:54:22","modified_gmt":"2026-02-21T15:54:22","slug":"liebe-mitbuergerinnen-und-mitbuerger","status":"publish","type":"page","link":"https:\/\/gud-zwingenberg.de\/?page_id=130","title":{"rendered":"Liebe Mitb\u00fcrgerinnen, liebe Mitb\u00fcrger,"},"content":{"rendered":"<p>Wir, die Gemeinschaft f\u00fcr Umweltschutz und Demokratie, sind eine Gruppe von Zwingenberger B\u00fcrgerinnen und B\u00fcrgern, die den gemeinsamen Willen haben, auf kommunalpolitischer Ebene ihr unmittelbares Umfeld mitzugestalten.<\/p>\n<p>\u2022 Wir vertreten seit 45 Jahren \u201egr\u00fcne\u201c Positionen und m\u00f6chten ab sofort gemeinsam mit der Partei B\u00fcndnis 90\/ Die Gr\u00fcnen lokal f\u00fcr Zwingenberg aktiv sein.<br \/>\n\u2022 Wir sind mit knapp 29% der W\u00e4hlerstimmen und neun Sitzen im Zwingenberger Stadtparlament vertreten und damit zweitst\u00e4rkste Fraktion.<br \/>\n\u2022 Wir engagieren uns f\u00fcr Nachhaltigkeit und gegen den Klimawandel und haben schon einige Beschl\u00fcsse mit Verbesserungen daf\u00fcr erwirkt.<br \/>\n\u2022 Wir sind in unserem politischen Auftreten authentisch und pragmatisch, um m\u00f6glichst viele Erfolge f\u00fcr die \u201egr\u00fcne\u201c Sache zu erzielen.<br \/>\n\u2022 Genauso ist uns sparsames Haushalten und ausgeglichene Finanzierungen ein gro\u00dfes Anliegen, was wir mit Elan und anerkanntem Sachverstand vertreten.<br \/>\n\u2022 Wir sind keine \u201eBerufspolitiker\u201c, sondern leisten unsere Arbeit ehrenamtlich in unserer Freizeit, Fraktionszw\u00e4nge oder Weisungen von \u201eoben\u201c gibt es nicht bei uns.<\/p>\n<p>Wir sind jetzt f\u00fcr die Kommunalwahl am 15.M\u00e4rz zusammen die Liste:<br \/>\nGUD\/Die GR\u00dcNEN Zwingenberg &amp; Rodau<br \/>\nGemeinsam geht\u2019s.<\/p>\n<p>Mehr Informationen auf <a href=\"https:\/\/zwingenberg.gruene-bergstrasse.de\/\">https:\/\/zwingenberg.gruene-bergstrasse.de\/<\/a><\/p>\n","protected":false},"excerpt":{"rendered":"<p>Wir, die Gemeinschaft f\u00fcr Umweltschutz und Demokratie, sind eine Gruppe von Zwingenberger B\u00fcrgerinnen und B\u00fcrgern, die den gemeinsamen Willen haben, auf kommunalpolitischer Ebene ihr unmittelbares Umfeld mitzugestalten. \u2022 Wir vertreten seit 45 Jahren \u201egr\u00fcne\u201c Positionen und m\u00f6chten ab sofort gemeinsam mit der Partei B\u00fcndnis 90\/ Die Gr\u00fcnen lokal f\u00fcr Zwingenberg aktiv sein. \u2022 Wir sind &hellip; <a href=\"https:\/\/gud-zwingenberg.de\/?page_id=130\" class=\"more-link\"><span class=\"screen-reader-text\">Liebe Mitb\u00fcrgerinnen, liebe Mitb\u00fcrger,<\/span> weiterlesen<\/a><\/p>\n","protected":false},"author":2,"featured_media":0,"parent":0,"menu_order":0,"comment_status":"closed","ping_status":"closed","template":"","meta":{"footnotes":""},"class_list":["post-130","page","type-page","status-publish","hentry"],"jetpack_sharing_enabled":true,"jetpack_shortlink":"https:\/\/wp.me\/P7BMaa-26","jetpack-related-posts":[],"_links":{"self":[{"href":"https:\/\/gud-zwingenberg.de\/index.php?rest_route=\/wp\/v2\/pages\/130","targetHints":{"allow":["GET"]}}],"collection":[{"href":"https:\/\/gud-zwingenberg.de\/index.php?rest_route=\/wp\/v2\/pages"}],"about":[{"href":"https:\/\/gud-zwingenberg.de\/index.php?rest_route=\/wp\/v2\/types\/page"}],"author":[{"embeddable":true,"href":"https:\/\/gud-zwingenberg.de\/index.php?rest_route=\/wp\/v2\/users\/2"}],"replies":[{"embeddable":true,"href":"https:\/\/gud-zwingenberg.de\/index.php?rest_route=%2Fwp%2Fv2%2Fcomments&post=130"}],"version-history":[{"count":13,"href":"https:\/\/gud-zwingenberg.de\/index.php?rest_route=\/wp\/v2\/pages\/130\/revisions"}],"predecessor-version":[{"id":1749,"href":"https:\/\/gud-zwingenberg.de\/index.php?rest_route=\/wp\/v2\/pages\/130\/revisions\/1749"}],"wp:attachment":[{"href":"https:\/\/gud-zwingenberg.de\/index.php?rest_route=%2Fwp%2Fv2%2Fmedia&parent=130"}],"curies":[{"name":"wp","href":"https:\/\/api.w.org\/{rel}","templated":true}]}}