{"id":1389,"date":"2021-02-14T17:05:29","date_gmt":"2021-02-14T17:05:29","guid":{"rendered":"https:\/\/gud-zwingenberg.de\/?page_id=1389"},"modified":"2021-02-18T21:04:16","modified_gmt":"2021-02-18T21:04:16","slug":"was-wir-wollen","status":"publish","type":"page","link":"https:\/\/gud-zwingenberg.de\/?page_id=1389","title":{"rendered":"Unser Programm 2021"},"content":{"rendered":"\n<p>Liebe Mitb\u00fcrgerinnen und Mitb\u00fcrger,<\/p>\n\n\n\n<p>seit 40 Jahren ist die Gemeinschaft f\u00fcr Umweltschutz und Demokratie (GUD) in der Zwingenberger Stadtverordnetenversammlung eine feste Gr\u00f6\u00dfe. Die GUD Zwingenberg ist keine Partei, sondern eine unabh\u00e4ngige Interessengemeinschaft von B\u00fcrgerinnen und B\u00fcrgern, deren politischen Ziele sich an den Grunds\u00e4tzen der Nachhaltigkeit und der demokratischen Mitbestimmung orientieren. F\u00fcr unsere kommunalpolitische Arbeit haben wir folgende Leitlinien:<\/p>\n\n\n\n<div class=\"wp-block-image\"><figure class=\"alignright size-large\"><img loading=\"lazy\" decoding=\"async\" width=\"372\" height=\"496\" data-attachment-id=\"1386\" data-permalink=\"https:\/\/gud-zwingenberg.de\/?attachment_id=1386\" data-orig-file=\"https:\/\/gud-zwingenberg.de\/wp-content\/uploads\/2021\/02\/Altes-Amtsgericht-2006.png\" data-orig-size=\"372,496\" data-comments-opened=\"0\" data-image-meta=\"{&quot;aperture&quot;:&quot;0&quot;,&quot;credit&quot;:&quot;&quot;,&quot;camera&quot;:&quot;&quot;,&quot;caption&quot;:&quot;&quot;,&quot;created_timestamp&quot;:&quot;0&quot;,&quot;copyright&quot;:&quot;&quot;,&quot;focal_length&quot;:&quot;0&quot;,&quot;iso&quot;:&quot;0&quot;,&quot;shutter_speed&quot;:&quot;0&quot;,&quot;title&quot;:&quot;&quot;,&quot;orientation&quot;:&quot;0&quot;}\" data-image-title=\"Altes-Amtsgericht-2006\" data-image-description=\"\" data-image-caption=\"\" data-medium-file=\"https:\/\/gud-zwingenberg.de\/wp-content\/uploads\/2021\/02\/Altes-Amtsgericht-2006-225x300.png\" data-large-file=\"https:\/\/gud-zwingenberg.de\/wp-content\/uploads\/2021\/02\/Altes-Amtsgericht-2006.png\" src=\"https:\/\/gud-zwingenberg.de\/wp-content\/uploads\/2021\/02\/Altes-Amtsgericht-2006.png\" alt=\"\" class=\"wp-image-1386\" srcset=\"https:\/\/gud-zwingenberg.de\/wp-content\/uploads\/2021\/02\/Altes-Amtsgericht-2006.png 372w, https:\/\/gud-zwingenberg.de\/wp-content\/uploads\/2021\/02\/Altes-Amtsgericht-2006-225x300.png 225w\" sizes=\"auto, (max-width: 372px) 100vw, 372px\" \/><figcaption>Altes Amtsgericht 2006<\/figcaption><\/figure><\/div>\n\n\n\n<ul class=\"wp-block-list\"><li>Eine \u00f6kologisch und \u00f6konomisch ausgewogene und soziale Stadtentwicklung zum Nutzen der Menschen, des Klimas und zum Erhalt unserer nat\u00fcrlichen Umwelt<\/li><li>Mehr B\u00fcrgerbeteiligung und direkte Demokratie bei relevanten politischen Entscheidungen<\/li><li>Engagement f\u00fcr Familien, Seniorinnen und Senioren, Kinder und Jugendliche<\/li><li>Solide und kompetente Haushaltspolitik<\/li><li>Nutzung unserer nat\u00fcrlichen Ressourcen vor Ort f\u00fcr den Erhalt der ortsnahen Wasserversorgung<\/li><li>Schutz von Minderheiten in einer weltoffenen und demokratischen Gesellschaft<\/li><\/ul>\n\n\n\n<p>Wir freuen uns, dass auch in der letzten Legislaturperiode die GUD, vielfach gemeinsam mit engagierten B\u00fcrgerinnen und B\u00fcrgern sowie B\u00fcrgerinitiativen, Verbesserungen durchsetzen konnte. Auf der Basis unserer Leitlinien w\u00fcnschen wir uns, auch in den n\u00e4chsten f\u00fcnf Jahren die Stadt Zwingenberg voranbringen zu d\u00fcrfen.<\/p>\n\n\n\n<p class=\"has-text-align-center\" style=\"font-size:25px\"><strong>Deshalb am 14. M\u00e4rz 2021<br>Liste 7-GUD w\u00e4hlen<br>DIE GUD BIETET GR\u00dcNE POLITIK F\u00dcR ZWINGENBERG<\/strong><\/p>\n\n\n\n<p>   <\/p>\n\n\n\n<h2 class=\"wp-block-heading\">Ausblick<\/h2>\n\n\n\n<p>Mit der neuen Legislaturperiode warten gro\u00dfe Herausforderungen auf die Kommune, aber es bieten sich auch gute Chancen, richtige Entscheidungen auf den Weg zu bringen.<\/p>\n\n\n\n<p>Aus Sicht der GUD sind folgende konkrete, in diesem Programm beschriebene Themen zuk\u00fcnftig besonders wichtig und werden mit Nachdruck verfolgt:<\/p>\n\n\n\n<ul class=\"wp-block-list\"><li>Klimagerechte Stadtentwicklung, Begrenzung des Fl\u00e4chenverbrauchs, z.B. Erhalt von B\u00e4umen am Bahndamm entlang der Melibokusstra\u00dfe<\/li><li>Politik f\u00fcr die B\u00fcrgerinnen und B\u00fcrger unserer Stadt, insbesondere Familien, z.B. Erhalt des Spielplatzes zwischen Pa\u00dfschule und Melibokushalle<\/li><li>Schutz f\u00fcr klimaaktive B\u00e4ume in der Innenstadt sowie in Bauplanungsgebieten, z.B. Erhalt der Eichen auf dem Melibokusparkplatz<\/li><li>Solide Finanzpolitik insbesondere aufgrund der Auswirkungen der Coronapandemie, z.B. Wirtschaftlichkeitsberechnungen f\u00fcr Investitionsprojekte<\/li><li>Erhalt der ortsnahen Wasserversorgung, z.B. Sicherstellung eines eigenen, ortsnahen Brunnens<\/li><li>Verkehrspolitik, z.B. Realisierung der Fahrradtrasse Darmstadt &#8211; Rhein-Neckar, Runder Tisch \u201eFahrrad\u201c, Mietfahrr\u00e4der<\/li><\/ul>\n\n\n\n<hr class=\"wp-block-separator\"\/>\n\n\n\n<hr class=\"wp-block-separator has-text-color has-background\" style=\"background-color:#10e223;color:#10e223\"\/>\n\n\n\n<h2 class=\"wp-block-heading\">Navigieren Sie weiter durch unser Programm:<\/h2>\n\n\n\n<div class=\"wp-block-group\"><div class=\"wp-block-group__inner-container is-layout-flow wp-block-group-is-layout-flow\"><nav class=\"is-responsive wp-block-navigation is-layout-flex wp-block-navigation-is-layout-flex\" \n\t\t data-wp-interactive=\"core\/navigation\" data-wp-context='{\"overlayOpenedBy\":{\"click\":false,\"hover\":false,\"focus\":false},\"type\":\"overlay\",\"roleAttribute\":\"\",\"ariaLabel\":\"Men\\u00fc\"}'><button aria-haspopup=\"dialog\" aria-label=\"Men\u00fc \u00f6ffnen\" class=\"wp-block-navigation__responsive-container-open\" \n\t\t\t\tdata-wp-on--click=\"actions.openMenuOnClick\"\n\t\t\t\tdata-wp-on--keydown=\"actions.handleMenuKeydown\"\n\t\t\t><svg width=\"24\" height=\"24\" xmlns=\"http:\/\/www.w3.org\/2000\/svg\" viewBox=\"0 0 24 24\" aria-hidden=\"true\" focusable=\"false\"><path d=\"M4 7.5h16v1.5H4z\"><\/path><path d=\"M4 15h16v1.5H4z\"><\/path><\/svg><\/button>\n\t\t\t\t<div class=\"wp-block-navigation__responsive-container\"  id=\"modal-1\" \n\t\t\t\tdata-wp-class--has-modal-open=\"state.isMenuOpen\"\n\t\t\t\tdata-wp-class--is-menu-open=\"state.isMenuOpen\"\n\t\t\t\tdata-wp-watch=\"callbacks.initMenu\"\n\t\t\t\tdata-wp-on--keydown=\"actions.handleMenuKeydown\"\n\t\t\t\tdata-wp-on--focusout=\"actions.handleMenuFocusout\"\n\t\t\t\ttabindex=\"-1\"\n\t\t\t>\n\t\t\t\t\t<div class=\"wp-block-navigation__responsive-close\" tabindex=\"-1\">\n\t\t\t\t\t\t<div class=\"wp-block-navigation__responsive-dialog\" \n\t\t\t\tdata-wp-bind--aria-modal=\"state.ariaModal\"\n\t\t\t\tdata-wp-bind--aria-label=\"state.ariaLabel\"\n\t\t\t\tdata-wp-bind--role=\"state.roleAttribute\"\n\t\t\t>\n\t\t\t\t\t\t\t<button aria-label=\"Men\u00fc schlie\u00dfen\" class=\"wp-block-navigation__responsive-container-close\" \n\t\t\t\tdata-wp-on--click=\"actions.closeMenuOnClick\"\n\t\t\t><svg xmlns=\"http:\/\/www.w3.org\/2000\/svg\" viewBox=\"0 0 24 24\" width=\"24\" height=\"24\" aria-hidden=\"true\" focusable=\"false\"><path d=\"m13.06 12 6.47-6.47-1.06-1.06L12 10.94 5.53 4.47 4.47 5.53 10.94 12l-6.47 6.47 1.06 1.06L12 13.06l6.47 6.47 1.06-1.06L13.06 12Z\"><\/path><\/svg><\/button>\n\t\t\t\t\t\t\t<div class=\"wp-block-navigation__responsive-container-content\" \n\t\t\t\tdata-wp-watch=\"callbacks.focusFirstElement\"\n\t\t\t id=\"modal-1-content\">\n\t\t\t\t\t\t\t\t<ul class=\"wp-block-navigation__container is-responsive wp-block-navigation\"><li class=\" wp-block-navigation-item wp-block-navigation-link\"><a class=\"wp-block-navigation-item__content\"  href=\"https:\/\/gud-zwingenberg.de\/?page_id=1395\"><span class=\"wp-block-navigation-item__label\">Stadtentwicklung, \u00f6kologisch und sozial ausgewogen<\/span><\/a><\/li><li class=\" wp-block-navigation-item wp-block-navigation-link\"><a class=\"wp-block-navigation-item__content\"  href=\"https:\/\/gud-zwingenberg.de\/?page_id=1399\"><span class=\"wp-block-navigation-item__label\">Gr\u00fcne Ma\u00dfnahmen gegen den Klimawandel<\/span><\/a><\/li><li class=\" wp-block-navigation-item wp-block-navigation-link\"><a class=\"wp-block-navigation-item__content\"  href=\"https:\/\/gud-zwingenberg.de\/?page_id=1401\"><span class=\"wp-block-navigation-item__label\">Klimaaktive Ausgleichsfl\u00e4chen<\/span><\/a><\/li><li class=\" wp-block-navigation-item wp-block-navigation-link\"><a class=\"wp-block-navigation-item__content\"  href=\"https:\/\/gud-zwingenberg.de\/?page_id=1403\"><span class=\"wp-block-navigation-item__label\">Sicherung der ortsnahen Wasserversorgung<\/span><\/a><\/li><li class=\" wp-block-navigation-item wp-block-navigation-link\"><a class=\"wp-block-navigation-item__content\"  href=\"https:\/\/gud-zwingenberg.de\/?page_id=1407\"><span class=\"wp-block-navigation-item__label\">Verkehrspolitik f\u00fcr Zwingenberg und Rodau<\/span><\/a><\/li><li class=\" wp-block-navigation-item wp-block-navigation-link\"><a class=\"wp-block-navigation-item__content\"  href=\"https:\/\/gud-zwingenberg.de\/?page_id=1409\"><span class=\"wp-block-navigation-item__label\">Politik f\u00fcr Kinder und Familien<\/span><\/a><\/li><li class=\" wp-block-navigation-item wp-block-navigation-link\"><a class=\"wp-block-navigation-item__content\"  href=\"https:\/\/gud-zwingenberg.de\/?page_id=1416\"><span class=\"wp-block-navigation-item__label\">Politik f\u00fcr Seniorinnen und Senioren<\/span><\/a><\/li><li class=\" wp-block-navigation-item wp-block-navigation-link\"><a class=\"wp-block-navigation-item__content\"  href=\"https:\/\/gud-zwingenberg.de\/?page_id=1418\"><span class=\"wp-block-navigation-item__label\">Haushaltspolitische Herausforderungen<\/span><\/a><\/li><li class=\" wp-block-navigation-item wp-block-navigation-link\"><a class=\"wp-block-navigation-item__content\"  href=\"https:\/\/gud-zwingenberg.de\/?page_id=1420\"><span class=\"wp-block-navigation-item__label\">Wirtschaftspolitik<\/span><\/a><\/li><li class=\" wp-block-navigation-item wp-block-navigation-link\"><a class=\"wp-block-navigation-item__content\"  href=\"https:\/\/gud-zwingenberg.de\/?page_id=1422\"><span class=\"wp-block-navigation-item__label\">Denkmalschutz<\/span><\/a><\/li><li class=\" wp-block-navigation-item wp-block-navigation-link\"><a class=\"wp-block-navigation-item__content\"  href=\"https:\/\/gud-zwingenberg.de\/?page_id=1424\"><span class=\"wp-block-navigation-item__label\">Kunst und Kultur<\/span><\/a><\/li><li class=\" wp-block-navigation-item wp-block-navigation-link\"><a class=\"wp-block-navigation-item__content\"  href=\"https:\/\/gud-zwingenberg.de\/?page_id=1426\"><span class=\"wp-block-navigation-item__label\">Ehrenamt und Vereinsarbeit<\/span><\/a><\/li><li class=\" wp-block-navigation-item wp-block-navigation-link\"><a class=\"wp-block-navigation-item__content\"  href=\"https:\/\/gud-zwingenberg.de\/?page_id=1389\"><span class=\"wp-block-navigation-item__label\">Zur\u00fcck zur \u00dcbersicht<\/span><\/a><\/li><li class=\" wp-block-navigation-item wp-block-navigation-link\"><a class=\"wp-block-navigation-item__content\"  href=\"https:\/\/gud-zwingenberg.de\/?page_id=1428\"><span class=\"wp-block-navigation-item__label\">F\u00fcr eine weltoffene Gesellschaft<\/span><\/a><\/li><li class=\" wp-block-navigation-item wp-block-navigation-link\"><a class=\"wp-block-navigation-item__content\"  href=\"https:\/\/gud-zwingenberg.de\/?page_id=1430\"><span class=\"wp-block-navigation-item__label\">R\u00fcckblick<\/span><\/a><\/li><li class=\" wp-block-navigation-item wp-block-navigation-link\"><a class=\"wp-block-navigation-item__content\"  href=\"https:\/\/gud-zwingenberg.de\/?page_id=1389\"><span class=\"wp-block-navigation-item__label\">Zur\u00fcck zur \u00dcbersicht<\/span><\/a><\/li><\/ul>\n\t\t\t\t\t\t\t<\/div>\n\t\t\t\t\t\t<\/div>\n\t\t\t\t\t<\/div>\n\t\t\t\t<\/div><\/nav><\/div><\/div>\n\n\n\n<p><\/p>\n","protected":false},"excerpt":{"rendered":"<p>Liebe Mitb\u00fcrgerinnen und Mitb\u00fcrger, seit 40 Jahren ist die Gemeinschaft f\u00fcr Umweltschutz und Demokratie (GUD) in der Zwingenberger Stadtverordnetenversammlung eine feste Gr\u00f6\u00dfe. Die GUD Zwingenberg ist keine Partei, sondern eine unabh\u00e4ngige Interessengemeinschaft von B\u00fcrgerinnen und B\u00fcrgern, deren politischen Ziele sich an den Grunds\u00e4tzen der Nachhaltigkeit und der demokratischen Mitbestimmung orientieren. F\u00fcr unsere kommunalpolitische Arbeit haben &hellip; <a href=\"https:\/\/gud-zwingenberg.de\/?page_id=1389\" class=\"more-link\"><span class=\"screen-reader-text\">Unser Programm 2021<\/span> weiterlesen<\/a><\/p>\n","protected":false},"author":2,"featured_media":1376,"parent":0,"menu_order":0,"comment_status":"closed","ping_status":"closed","template":"","meta":{"footnotes":""},"class_list":["post-1389","page","type-page","status-publish","has-post-thumbnail","hentry"],"jetpack_sharing_enabled":true,"jetpack_shortlink":"https:\/\/wp.me\/P7BMaa-mp","jetpack-related-posts":[],"_links":{"self":[{"href":"https:\/\/gud-zwingenberg.de\/index.php?rest_route=\/wp\/v2\/pages\/1389","targetHints":{"allow":["GET"]}}],"collection":[{"href":"https:\/\/gud-zwingenberg.de\/index.php?rest_route=\/wp\/v2\/pages"}],"about":[{"href":"https:\/\/gud-zwingenberg.de\/index.php?rest_route=\/wp\/v2\/types\/page"}],"author":[{"embeddable":true,"href":"https:\/\/gud-zwingenberg.de\/index.php?rest_route=\/wp\/v2\/users\/2"}],"replies":[{"embeddable":true,"href":"https:\/\/gud-zwingenberg.de\/index.php?rest_route=%2Fwp%2Fv2%2Fcomments&post=1389"}],"version-history":[{"count":10,"href":"https:\/\/gud-zwingenberg.de\/index.php?rest_route=\/wp\/v2\/pages\/1389\/revisions"}],"predecessor-version":[{"id":1537,"href":"https:\/\/gud-zwingenberg.de\/index.php?rest_route=\/wp\/v2\/pages\/1389\/revisions\/1537"}],"wp:featuredmedia":[{"embeddable":true,"href":"https:\/\/gud-zwingenberg.de\/index.php?rest_route=\/wp\/v2\/media\/1376"}],"wp:attachment":[{"href":"https:\/\/gud-zwingenberg.de\/index.php?rest_route=%2Fwp%2Fv2%2Fmedia&parent=1389"}],"curies":[{"name":"wp","href":"https:\/\/api.w.org\/{rel}","templated":true}]}}