{"id":1416,"date":"2021-02-14T19:37:01","date_gmt":"2021-02-14T19:37:01","guid":{"rendered":"https:\/\/gud-zwingenberg.de\/?page_id=1416"},"modified":"2021-02-18T21:13:57","modified_gmt":"2021-02-18T21:13:57","slug":"politik-fuer-seniorinnen-und-senioren","status":"publish","type":"page","link":"https:\/\/gud-zwingenberg.de\/?page_id=1416","title":{"rendered":"Politik f\u00fcr Seniorinnen und Senioren"},"content":{"rendered":"\n<p>Der Anteil der B\u00fcrgerinnen und B\u00fcrger in Zwingenberg nach der regul\u00e4ren Erwerbsphase nimmt weiter zu. Zum einen entsteht hierdurch ein Potenzial sehr engagierter B\u00fcrgerinnen und B\u00fcrger, die sich vor Ort einbringen wollen, aber auch eine gr\u00f6\u00dfere Gruppe, die nicht mehr aktiv an gesellschaftlichen Aufgaben mitwirken kann. <\/p>\n\n\n\n<p>Hier ist es wichtig, dass von Seiten der Stadtgesellschaft ehrenamtliche Initiativen unterst\u00fctzt werden, aber auch ein Angebot entsteht, dass die Vereinsamung von \u00e4lteren Mitb\u00fcrgerinnen und Mitb\u00fcrgern verhindert. <\/p>\n\n\n\n<p>Neben neuen Chancen und Aufgabenfeldern f\u00fcr B\u00fcrgerinnen und B\u00fcrger entsteht durch den demografischen Wandel eine steigende Nachfrage nach altengerechten bzw. generationen\u00fcbergreifenden Wohnprojekten. Hier bietet sich z.B. das ehemalige Bauhofgel\u00e4nde an, m\u00f6gliche Investoren f\u00fcr ent- sprechende Projekte zu begeistern. <\/p>\n\n\n\n<p>Im Rahmen der Dorferneuerung wurde das Projekt der \u201ebesitzbaren Stadt\u201c angesto\u00dfen, aufgrund dessen ein engmaschiges Netz an B\u00e4nken im Stadtgebiet aufgestellt wurde. Dieses gilt es, auch f\u00fcr Seniorinnen und Senioren weiterzuentwickeln und durch rollatorgeeignete Wegf\u00fchrungen zu erg\u00e4nzen.<\/p>\n\n\n\n<h2 class=\"wp-block-heading\">GUD-Ziele:<\/h2>\n\n\n\n<ul class=\"wp-block-list\"><li>Unterst\u00fctzung von Initiativen f\u00fcr Seniorinnen und Senioren<\/li><li>Informations- und regelm\u00e4\u00dfiges Beratungssystem f\u00fcr Senioren und Senioren<\/li><li>Begegnungsst\u00e4tte f\u00fcr Kommunikation und Diskussion \u201eHandwerkstatt\u201c \u2013 ein handwerkliches Angebot f\u00fcr Seniorinnen und Senioren<\/li><li>Rollator- und rollstuhlgerechte Wege und erg\u00e4nzende Sitzm\u00f6glichkeiten im \u00f6ffentlichen Raum<\/li><li>Unterst\u00fctzung neuer Projekte f\u00fcr seniorengerechtes Wohnen<\/li><\/ul>\n\n\n\n<p><\/p>\n\n\n\n<hr class=\"wp-block-separator has-text-color has-background\" style=\"background-color:#10e223;color:#10e223\"\/>\n\n\n\n<h2 class=\"wp-block-heading\">Navigieren Sie weiter durch unser Programm:<\/h2>\n\n\n\n<div class=\"wp-block-group\"><div class=\"wp-block-group__inner-container is-layout-flow wp-block-group-is-layout-flow\"><nav class=\"is-responsive wp-block-navigation is-layout-flex wp-block-navigation-is-layout-flex\" \n\t\t data-wp-interactive=\"core\/navigation\" data-wp-context='{\"overlayOpenedBy\":{\"click\":false,\"hover\":false,\"focus\":false},\"type\":\"overlay\",\"roleAttribute\":\"\",\"ariaLabel\":\"Men\\u00fc\"}'><button aria-haspopup=\"dialog\" aria-label=\"Men\u00fc \u00f6ffnen\" class=\"wp-block-navigation__responsive-container-open\" \n\t\t\t\tdata-wp-on--click=\"actions.openMenuOnClick\"\n\t\t\t\tdata-wp-on--keydown=\"actions.handleMenuKeydown\"\n\t\t\t><svg width=\"24\" height=\"24\" xmlns=\"http:\/\/www.w3.org\/2000\/svg\" viewBox=\"0 0 24 24\" aria-hidden=\"true\" focusable=\"false\"><path d=\"M4 7.5h16v1.5H4z\"><\/path><path d=\"M4 15h16v1.5H4z\"><\/path><\/svg><\/button>\n\t\t\t\t<div class=\"wp-block-navigation__responsive-container\"  id=\"modal-1\" \n\t\t\t\tdata-wp-class--has-modal-open=\"state.isMenuOpen\"\n\t\t\t\tdata-wp-class--is-menu-open=\"state.isMenuOpen\"\n\t\t\t\tdata-wp-watch=\"callbacks.initMenu\"\n\t\t\t\tdata-wp-on--keydown=\"actions.handleMenuKeydown\"\n\t\t\t\tdata-wp-on--focusout=\"actions.handleMenuFocusout\"\n\t\t\t\ttabindex=\"-1\"\n\t\t\t>\n\t\t\t\t\t<div class=\"wp-block-navigation__responsive-close\" tabindex=\"-1\">\n\t\t\t\t\t\t<div class=\"wp-block-navigation__responsive-dialog\" \n\t\t\t\tdata-wp-bind--aria-modal=\"state.ariaModal\"\n\t\t\t\tdata-wp-bind--aria-label=\"state.ariaLabel\"\n\t\t\t\tdata-wp-bind--role=\"state.roleAttribute\"\n\t\t\t>\n\t\t\t\t\t\t\t<button aria-label=\"Men\u00fc schlie\u00dfen\" class=\"wp-block-navigation__responsive-container-close\" \n\t\t\t\tdata-wp-on--click=\"actions.closeMenuOnClick\"\n\t\t\t><svg xmlns=\"http:\/\/www.w3.org\/2000\/svg\" viewBox=\"0 0 24 24\" width=\"24\" height=\"24\" aria-hidden=\"true\" focusable=\"false\"><path d=\"m13.06 12 6.47-6.47-1.06-1.06L12 10.94 5.53 4.47 4.47 5.53 10.94 12l-6.47 6.47 1.06 1.06L12 13.06l6.47 6.47 1.06-1.06L13.06 12Z\"><\/path><\/svg><\/button>\n\t\t\t\t\t\t\t<div class=\"wp-block-navigation__responsive-container-content\" \n\t\t\t\tdata-wp-watch=\"callbacks.focusFirstElement\"\n\t\t\t id=\"modal-1-content\">\n\t\t\t\t\t\t\t\t<ul class=\"wp-block-navigation__container is-responsive wp-block-navigation\"><li class=\" wp-block-navigation-item wp-block-navigation-link\"><a class=\"wp-block-navigation-item__content\"  href=\"https:\/\/gud-zwingenberg.de\/?page_id=1395\"><span class=\"wp-block-navigation-item__label\">Stadtentwicklung, \u00f6kologisch und sozial ausgewogen<\/span><\/a><\/li><li class=\" wp-block-navigation-item wp-block-navigation-link\"><a class=\"wp-block-navigation-item__content\"  href=\"https:\/\/gud-zwingenberg.de\/?page_id=1399\"><span class=\"wp-block-navigation-item__label\">Gr\u00fcne Ma\u00dfnahmen gegen den Klimawandel<\/span><\/a><\/li><li class=\" wp-block-navigation-item wp-block-navigation-link\"><a class=\"wp-block-navigation-item__content\"  href=\"https:\/\/gud-zwingenberg.de\/?page_id=1401\"><span class=\"wp-block-navigation-item__label\">Klimaaktive Ausgleichsfl\u00e4chen<\/span><\/a><\/li><li class=\" wp-block-navigation-item wp-block-navigation-link\"><a class=\"wp-block-navigation-item__content\"  href=\"https:\/\/gud-zwingenberg.de\/?page_id=1403\"><span class=\"wp-block-navigation-item__label\">Sicherung der ortsnahen Wasserversorgung<\/span><\/a><\/li><li class=\" wp-block-navigation-item wp-block-navigation-link\"><a class=\"wp-block-navigation-item__content\"  href=\"https:\/\/gud-zwingenberg.de\/?page_id=1407\"><span class=\"wp-block-navigation-item__label\">Verkehrspolitik f\u00fcr Zwingenberg und Rodau<\/span><\/a><\/li><li class=\" wp-block-navigation-item wp-block-navigation-link\"><a class=\"wp-block-navigation-item__content\"  href=\"https:\/\/gud-zwingenberg.de\/?page_id=1409\"><span class=\"wp-block-navigation-item__label\">Politik f\u00fcr Kinder und Familien<\/span><\/a><\/li><li class=\" wp-block-navigation-item wp-block-navigation-link\"><a class=\"wp-block-navigation-item__content\"  href=\"https:\/\/gud-zwingenberg.de\/?page_id=1416\"><span class=\"wp-block-navigation-item__label\">Politik f\u00fcr Seniorinnen und Senioren<\/span><\/a><\/li><li class=\" wp-block-navigation-item wp-block-navigation-link\"><a class=\"wp-block-navigation-item__content\"  href=\"https:\/\/gud-zwingenberg.de\/?page_id=1418\"><span class=\"wp-block-navigation-item__label\">Haushaltspolitische Herausforderungen<\/span><\/a><\/li><li class=\" wp-block-navigation-item wp-block-navigation-link\"><a class=\"wp-block-navigation-item__content\"  href=\"https:\/\/gud-zwingenberg.de\/?page_id=1420\"><span class=\"wp-block-navigation-item__label\">Wirtschaftspolitik<\/span><\/a><\/li><li class=\" wp-block-navigation-item wp-block-navigation-link\"><a class=\"wp-block-navigation-item__content\"  href=\"https:\/\/gud-zwingenberg.de\/?page_id=1422\"><span class=\"wp-block-navigation-item__label\">Denkmalschutz<\/span><\/a><\/li><li class=\" wp-block-navigation-item wp-block-navigation-link\"><a class=\"wp-block-navigation-item__content\"  href=\"https:\/\/gud-zwingenberg.de\/?page_id=1424\"><span class=\"wp-block-navigation-item__label\">Kunst und Kultur<\/span><\/a><\/li><li class=\" wp-block-navigation-item wp-block-navigation-link\"><a class=\"wp-block-navigation-item__content\"  href=\"https:\/\/gud-zwingenberg.de\/?page_id=1426\"><span class=\"wp-block-navigation-item__label\">Ehrenamt und Vereinsarbeit<\/span><\/a><\/li><li class=\" wp-block-navigation-item wp-block-navigation-link\"><a class=\"wp-block-navigation-item__content\"  href=\"https:\/\/gud-zwingenberg.de\/?page_id=1389\"><span class=\"wp-block-navigation-item__label\">Zur\u00fcck zur \u00dcbersicht<\/span><\/a><\/li><li class=\" wp-block-navigation-item wp-block-navigation-link\"><a class=\"wp-block-navigation-item__content\"  href=\"https:\/\/gud-zwingenberg.de\/?page_id=1428\"><span class=\"wp-block-navigation-item__label\">F\u00fcr eine weltoffene Gesellschaft<\/span><\/a><\/li><li class=\" wp-block-navigation-item wp-block-navigation-link\"><a class=\"wp-block-navigation-item__content\"  href=\"https:\/\/gud-zwingenberg.de\/?page_id=1430\"><span class=\"wp-block-navigation-item__label\">R\u00fcckblick<\/span><\/a><\/li><li class=\" wp-block-navigation-item wp-block-navigation-link\"><a class=\"wp-block-navigation-item__content\"  href=\"https:\/\/gud-zwingenberg.de\/?page_id=1389\"><span class=\"wp-block-navigation-item__label\">Zur\u00fcck zur \u00dcbersicht<\/span><\/a><\/li><\/ul>\n\t\t\t\t\t\t\t<\/div>\n\t\t\t\t\t\t<\/div>\n\t\t\t\t\t<\/div>\n\t\t\t\t<\/div><\/nav><\/div><\/div>\n","protected":false},"excerpt":{"rendered":"<p>Der Anteil der B\u00fcrgerinnen und B\u00fcrger in Zwingenberg nach der regul\u00e4ren Erwerbsphase nimmt weiter zu. Zum einen entsteht hierdurch ein Potenzial sehr engagierter B\u00fcrgerinnen und B\u00fcrger, die sich vor Ort einbringen wollen, aber auch eine gr\u00f6\u00dfere Gruppe, die nicht mehr aktiv an gesellschaftlichen Aufgaben mitwirken kann. Hier ist es wichtig, dass von Seiten der Stadtgesellschaft &hellip; <a href=\"https:\/\/gud-zwingenberg.de\/?page_id=1416\" class=\"more-link\"><span class=\"screen-reader-text\">Politik f\u00fcr Seniorinnen und Senioren<\/span> weiterlesen<\/a><\/p>\n","protected":false},"author":2,"featured_media":0,"parent":0,"menu_order":0,"comment_status":"closed","ping_status":"closed","template":"","meta":{"footnotes":""},"class_list":["post-1416","page","type-page","status-publish","hentry"],"jetpack_sharing_enabled":true,"jetpack_shortlink":"https:\/\/wp.me\/P7BMaa-mQ","jetpack-related-posts":[],"_links":{"self":[{"href":"https:\/\/gud-zwingenberg.de\/index.php?rest_route=\/wp\/v2\/pages\/1416","targetHints":{"allow":["GET"]}}],"collection":[{"href":"https:\/\/gud-zwingenberg.de\/index.php?rest_route=\/wp\/v2\/pages"}],"about":[{"href":"https:\/\/gud-zwingenberg.de\/index.php?rest_route=\/wp\/v2\/types\/page"}],"author":[{"embeddable":true,"href":"https:\/\/gud-zwingenberg.de\/index.php?rest_route=\/wp\/v2\/users\/2"}],"replies":[{"embeddable":true,"href":"https:\/\/gud-zwingenberg.de\/index.php?rest_route=%2Fwp%2Fv2%2Fcomments&post=1416"}],"version-history":[{"count":2,"href":"https:\/\/gud-zwingenberg.de\/index.php?rest_route=\/wp\/v2\/pages\/1416\/revisions"}],"predecessor-version":[{"id":1545,"href":"https:\/\/gud-zwingenberg.de\/index.php?rest_route=\/wp\/v2\/pages\/1416\/revisions\/1545"}],"wp:attachment":[{"href":"https:\/\/gud-zwingenberg.de\/index.php?rest_route=%2Fwp%2Fv2%2Fmedia&parent=1416"}],"curies":[{"name":"wp","href":"https:\/\/api.w.org\/{rel}","templated":true}]}}