{"id":1418,"date":"2021-02-14T19:42:24","date_gmt":"2021-02-14T19:42:24","guid":{"rendered":"https:\/\/gud-zwingenberg.de\/?page_id=1418"},"modified":"2021-02-18T21:15:00","modified_gmt":"2021-02-18T21:15:00","slug":"haushaltspolitische-herausforderungen-2","status":"publish","type":"page","link":"https:\/\/gud-zwingenberg.de\/?page_id=1418","title":{"rendered":"Haushaltspolitische Herausforderungen"},"content":{"rendered":"\n<p>Die GUD hat in der vergangenen Legislaturperiode konstruktiv kritisch die haushaltspolitischen Planungen begleitet und mit viel Sachverstand und Engagement an der Verbesserung der Haushaltssituation mitgewirkt. Auch wenn die GUD, wegen unterschiedlicher Bewertungen verschiedener Investitionsprojekte, den Haushaltspl\u00e4nen nicht zustimmen konnte, so profitierten die langj\u00e4hrig positiven Jahresabschl\u00fcsse auf Grundsatzentscheidungen, die in der vorletzten Legislaturperiode von der Koalition aus GUD und SPD ge- troffen wurden.<\/p>\n\n\n\n<div class=\"wp-block-image\"><figure class=\"alignright size-large is-resized\"><img loading=\"lazy\" decoding=\"async\" data-attachment-id=\"1374\" data-permalink=\"https:\/\/gud-zwingenberg.de\/?attachment_id=1374\" data-orig-file=\"https:\/\/gud-zwingenberg.de\/wp-content\/uploads\/2021\/02\/Haushaltspolitische-Herausforderungen.png\" data-orig-size=\"564,357\" data-comments-opened=\"0\" data-image-meta=\"{&quot;aperture&quot;:&quot;0&quot;,&quot;credit&quot;:&quot;&quot;,&quot;camera&quot;:&quot;&quot;,&quot;caption&quot;:&quot;&quot;,&quot;created_timestamp&quot;:&quot;0&quot;,&quot;copyright&quot;:&quot;&quot;,&quot;focal_length&quot;:&quot;0&quot;,&quot;iso&quot;:&quot;0&quot;,&quot;shutter_speed&quot;:&quot;0&quot;,&quot;title&quot;:&quot;&quot;,&quot;orientation&quot;:&quot;0&quot;}\" data-image-title=\"Haushaltspolitische-Herausforderungen\" data-image-description=\"\" data-image-caption=\"\" data-medium-file=\"https:\/\/gud-zwingenberg.de\/wp-content\/uploads\/2021\/02\/Haushaltspolitische-Herausforderungen-300x190.png\" data-large-file=\"https:\/\/gud-zwingenberg.de\/wp-content\/uploads\/2021\/02\/Haushaltspolitische-Herausforderungen.png\" src=\"https:\/\/gud-zwingenberg.de\/wp-content\/uploads\/2021\/02\/Haushaltspolitische-Herausforderungen.png\" alt=\"\" class=\"wp-image-1374\" width=\"415\" height=\"263\" srcset=\"https:\/\/gud-zwingenberg.de\/wp-content\/uploads\/2021\/02\/Haushaltspolitische-Herausforderungen.png 564w, https:\/\/gud-zwingenberg.de\/wp-content\/uploads\/2021\/02\/Haushaltspolitische-Herausforderungen-300x190.png 300w\" sizes=\"auto, (max-width: 415px) 100vw, 415px\" \/><figcaption>Poller f\u00fcr die Altstadt, Beispielfoto<\/figcaption><\/figure><\/div>\n\n\n\n<p>Aufgrund der aktuellen hohen Investitionst\u00e4tigkeit in Verbindung mit den Verwerfungen der Corona-Pandemie werden die haushaltspolitischen Herausforderungen stark steigen. <\/p>\n\n\n\n<p>Die GUD setzt sich weiter f\u00fcr eine kluge Haushaltspolitik mit Augenma\u00df ein.<\/p>\n\n\n\n<h2 class=\"wp-block-heading\">GUD-Ziele:<\/h2>\n\n\n\n<ul class=\"wp-block-list\"><li>Aufbau einer Kosten-\/Leistungsrechnung<\/li><li>Kostendeckende Geb\u00fchrenhaushalte<\/li><li>Wirtschaftlichkeitsrechnungen und Pr\u00fcfung der Umwelteinfl\u00fcsse f\u00fcr Investitionen<\/li><li>Kostenreduzierung durch interkommunale Zusammenarbeit<\/li><li>Digitalisierung der Verwaltungsprozesse<\/li><li>Abbau von Kreditverpflichtungen der Stadt<\/li><\/ul>\n\n\n\n<p><\/p>\n\n\n\n<hr class=\"wp-block-separator has-text-color has-background\" style=\"background-color:#10e223;color:#10e223\"\/>\n\n\n\n<h2 class=\"wp-block-heading\">Navigieren Sie weiter durch unser Programm:<\/h2>\n\n\n\n<div class=\"wp-block-group\"><div class=\"wp-block-group__inner-container is-layout-flow wp-block-group-is-layout-flow\"><nav class=\"is-responsive wp-block-navigation is-layout-flex wp-block-navigation-is-layout-flex\" \n\t\t data-wp-interactive=\"core\/navigation\" data-wp-context='{\"overlayOpenedBy\":{\"click\":false,\"hover\":false,\"focus\":false},\"type\":\"overlay\",\"roleAttribute\":\"\",\"ariaLabel\":\"Men\\u00fc\"}'><button aria-haspopup=\"dialog\" aria-label=\"Men\u00fc \u00f6ffnen\" class=\"wp-block-navigation__responsive-container-open\" \n\t\t\t\tdata-wp-on--click=\"actions.openMenuOnClick\"\n\t\t\t\tdata-wp-on--keydown=\"actions.handleMenuKeydown\"\n\t\t\t><svg width=\"24\" height=\"24\" xmlns=\"http:\/\/www.w3.org\/2000\/svg\" viewBox=\"0 0 24 24\" aria-hidden=\"true\" focusable=\"false\"><path d=\"M4 7.5h16v1.5H4z\"><\/path><path d=\"M4 15h16v1.5H4z\"><\/path><\/svg><\/button>\n\t\t\t\t<div class=\"wp-block-navigation__responsive-container\"  id=\"modal-1\" \n\t\t\t\tdata-wp-class--has-modal-open=\"state.isMenuOpen\"\n\t\t\t\tdata-wp-class--is-menu-open=\"state.isMenuOpen\"\n\t\t\t\tdata-wp-watch=\"callbacks.initMenu\"\n\t\t\t\tdata-wp-on--keydown=\"actions.handleMenuKeydown\"\n\t\t\t\tdata-wp-on--focusout=\"actions.handleMenuFocusout\"\n\t\t\t\ttabindex=\"-1\"\n\t\t\t>\n\t\t\t\t\t<div class=\"wp-block-navigation__responsive-close\" tabindex=\"-1\">\n\t\t\t\t\t\t<div class=\"wp-block-navigation__responsive-dialog\" \n\t\t\t\tdata-wp-bind--aria-modal=\"state.ariaModal\"\n\t\t\t\tdata-wp-bind--aria-label=\"state.ariaLabel\"\n\t\t\t\tdata-wp-bind--role=\"state.roleAttribute\"\n\t\t\t>\n\t\t\t\t\t\t\t<button aria-label=\"Men\u00fc schlie\u00dfen\" class=\"wp-block-navigation__responsive-container-close\" \n\t\t\t\tdata-wp-on--click=\"actions.closeMenuOnClick\"\n\t\t\t><svg xmlns=\"http:\/\/www.w3.org\/2000\/svg\" viewBox=\"0 0 24 24\" width=\"24\" height=\"24\" aria-hidden=\"true\" focusable=\"false\"><path d=\"m13.06 12 6.47-6.47-1.06-1.06L12 10.94 5.53 4.47 4.47 5.53 10.94 12l-6.47 6.47 1.06 1.06L12 13.06l6.47 6.47 1.06-1.06L13.06 12Z\"><\/path><\/svg><\/button>\n\t\t\t\t\t\t\t<div class=\"wp-block-navigation__responsive-container-content\" \n\t\t\t\tdata-wp-watch=\"callbacks.focusFirstElement\"\n\t\t\t id=\"modal-1-content\">\n\t\t\t\t\t\t\t\t<ul class=\"wp-block-navigation__container is-responsive wp-block-navigation\"><li class=\" wp-block-navigation-item wp-block-navigation-link\"><a class=\"wp-block-navigation-item__content\"  href=\"https:\/\/gud-zwingenberg.de\/?page_id=1395\"><span class=\"wp-block-navigation-item__label\">Stadtentwicklung, \u00f6kologisch und sozial ausgewogen<\/span><\/a><\/li><li class=\" wp-block-navigation-item wp-block-navigation-link\"><a class=\"wp-block-navigation-item__content\"  href=\"https:\/\/gud-zwingenberg.de\/?page_id=1399\"><span class=\"wp-block-navigation-item__label\">Gr\u00fcne Ma\u00dfnahmen gegen den Klimawandel<\/span><\/a><\/li><li class=\" wp-block-navigation-item wp-block-navigation-link\"><a class=\"wp-block-navigation-item__content\"  href=\"https:\/\/gud-zwingenberg.de\/?page_id=1401\"><span class=\"wp-block-navigation-item__label\">Klimaaktive Ausgleichsfl\u00e4chen<\/span><\/a><\/li><li class=\" wp-block-navigation-item wp-block-navigation-link\"><a class=\"wp-block-navigation-item__content\"  href=\"https:\/\/gud-zwingenberg.de\/?page_id=1403\"><span class=\"wp-block-navigation-item__label\">Sicherung der ortsnahen Wasserversorgung<\/span><\/a><\/li><li class=\" wp-block-navigation-item wp-block-navigation-link\"><a class=\"wp-block-navigation-item__content\"  href=\"https:\/\/gud-zwingenberg.de\/?page_id=1407\"><span class=\"wp-block-navigation-item__label\">Verkehrspolitik f\u00fcr Zwingenberg und Rodau<\/span><\/a><\/li><li class=\" wp-block-navigation-item wp-block-navigation-link\"><a class=\"wp-block-navigation-item__content\"  href=\"https:\/\/gud-zwingenberg.de\/?page_id=1409\"><span class=\"wp-block-navigation-item__label\">Politik f\u00fcr Kinder und Familien<\/span><\/a><\/li><li class=\" wp-block-navigation-item wp-block-navigation-link\"><a class=\"wp-block-navigation-item__content\"  href=\"https:\/\/gud-zwingenberg.de\/?page_id=1416\"><span class=\"wp-block-navigation-item__label\">Politik f\u00fcr Seniorinnen und Senioren<\/span><\/a><\/li><li class=\" wp-block-navigation-item wp-block-navigation-link\"><a class=\"wp-block-navigation-item__content\"  href=\"https:\/\/gud-zwingenberg.de\/?page_id=1418\"><span class=\"wp-block-navigation-item__label\">Haushaltspolitische Herausforderungen<\/span><\/a><\/li><li class=\" wp-block-navigation-item wp-block-navigation-link\"><a class=\"wp-block-navigation-item__content\"  href=\"https:\/\/gud-zwingenberg.de\/?page_id=1420\"><span class=\"wp-block-navigation-item__label\">Wirtschaftspolitik<\/span><\/a><\/li><li class=\" wp-block-navigation-item wp-block-navigation-link\"><a class=\"wp-block-navigation-item__content\"  href=\"https:\/\/gud-zwingenberg.de\/?page_id=1422\"><span class=\"wp-block-navigation-item__label\">Denkmalschutz<\/span><\/a><\/li><li class=\" wp-block-navigation-item wp-block-navigation-link\"><a class=\"wp-block-navigation-item__content\"  href=\"https:\/\/gud-zwingenberg.de\/?page_id=1424\"><span class=\"wp-block-navigation-item__label\">Kunst und Kultur<\/span><\/a><\/li><li class=\" wp-block-navigation-item wp-block-navigation-link\"><a class=\"wp-block-navigation-item__content\"  href=\"https:\/\/gud-zwingenberg.de\/?page_id=1426\"><span class=\"wp-block-navigation-item__label\">Ehrenamt und Vereinsarbeit<\/span><\/a><\/li><li class=\" wp-block-navigation-item wp-block-navigation-link\"><a class=\"wp-block-navigation-item__content\"  href=\"https:\/\/gud-zwingenberg.de\/?page_id=1389\"><span class=\"wp-block-navigation-item__label\">Zur\u00fcck zur \u00dcbersicht<\/span><\/a><\/li><li class=\" wp-block-navigation-item wp-block-navigation-link\"><a class=\"wp-block-navigation-item__content\"  href=\"https:\/\/gud-zwingenberg.de\/?page_id=1428\"><span class=\"wp-block-navigation-item__label\">F\u00fcr eine weltoffene Gesellschaft<\/span><\/a><\/li><li class=\" wp-block-navigation-item wp-block-navigation-link\"><a class=\"wp-block-navigation-item__content\"  href=\"https:\/\/gud-zwingenberg.de\/?page_id=1430\"><span class=\"wp-block-navigation-item__label\">R\u00fcckblick<\/span><\/a><\/li><li class=\" wp-block-navigation-item wp-block-navigation-link\"><a class=\"wp-block-navigation-item__content\"  href=\"https:\/\/gud-zwingenberg.de\/?page_id=1389\"><span class=\"wp-block-navigation-item__label\">Zur\u00fcck zur \u00dcbersicht<\/span><\/a><\/li><\/ul>\n\t\t\t\t\t\t\t<\/div>\n\t\t\t\t\t\t<\/div>\n\t\t\t\t\t<\/div>\n\t\t\t\t<\/div><\/nav><\/div><\/div>\n","protected":false},"excerpt":{"rendered":"<p>Die GUD hat in der vergangenen Legislaturperiode konstruktiv kritisch die haushaltspolitischen Planungen begleitet und mit viel Sachverstand und Engagement an der Verbesserung der Haushaltssituation mitgewirkt. Auch wenn die GUD, wegen unterschiedlicher Bewertungen verschiedener Investitionsprojekte, den Haushaltspl\u00e4nen nicht zustimmen konnte, so profitierten die langj\u00e4hrig positiven Jahresabschl\u00fcsse auf Grundsatzentscheidungen, die in der vorletzten Legislaturperiode von der Koalition &hellip; <a href=\"https:\/\/gud-zwingenberg.de\/?page_id=1418\" class=\"more-link\"><span class=\"screen-reader-text\">Haushaltspolitische Herausforderungen<\/span> weiterlesen<\/a><\/p>\n","protected":false},"author":2,"featured_media":0,"parent":0,"menu_order":0,"comment_status":"closed","ping_status":"closed","template":"","meta":{"footnotes":""},"class_list":["post-1418","page","type-page","status-publish","hentry"],"jetpack_sharing_enabled":true,"jetpack_shortlink":"https:\/\/wp.me\/P7BMaa-mS","jetpack-related-posts":[],"_links":{"self":[{"href":"https:\/\/gud-zwingenberg.de\/index.php?rest_route=\/wp\/v2\/pages\/1418","targetHints":{"allow":["GET"]}}],"collection":[{"href":"https:\/\/gud-zwingenberg.de\/index.php?rest_route=\/wp\/v2\/pages"}],"about":[{"href":"https:\/\/gud-zwingenberg.de\/index.php?rest_route=\/wp\/v2\/types\/page"}],"author":[{"embeddable":true,"href":"https:\/\/gud-zwingenberg.de\/index.php?rest_route=\/wp\/v2\/users\/2"}],"replies":[{"embeddable":true,"href":"https:\/\/gud-zwingenberg.de\/index.php?rest_route=%2Fwp%2Fv2%2Fcomments&post=1418"}],"version-history":[{"count":3,"href":"https:\/\/gud-zwingenberg.de\/index.php?rest_route=\/wp\/v2\/pages\/1418\/revisions"}],"predecessor-version":[{"id":1546,"href":"https:\/\/gud-zwingenberg.de\/index.php?rest_route=\/wp\/v2\/pages\/1418\/revisions\/1546"}],"wp:attachment":[{"href":"https:\/\/gud-zwingenberg.de\/index.php?rest_route=%2Fwp%2Fv2%2Fmedia&parent=1418"}],"curies":[{"name":"wp","href":"https:\/\/api.w.org\/{rel}","templated":true}]}}