{"id":1420,"date":"2021-02-14T19:46:49","date_gmt":"2021-02-14T19:46:49","guid":{"rendered":"https:\/\/gud-zwingenberg.de\/?page_id=1420"},"modified":"2021-02-18T21:16:07","modified_gmt":"2021-02-18T21:16:07","slug":"wirtschaftspolitik-2","status":"publish","type":"page","link":"https:\/\/gud-zwingenberg.de\/?page_id=1420","title":{"rendered":"Wirtschaftspolitik"},"content":{"rendered":"\n<div class=\"wp-block-image\"><figure class=\"alignright size-large is-resized\"><img loading=\"lazy\" decoding=\"async\" data-attachment-id=\"1358\" data-permalink=\"https:\/\/gud-zwingenberg.de\/?attachment_id=1358\" data-orig-file=\"https:\/\/gud-zwingenberg.de\/wp-content\/uploads\/2021\/02\/Wirtschaftspolitik.png\" data-orig-size=\"615,461\" data-comments-opened=\"0\" data-image-meta=\"{&quot;aperture&quot;:&quot;0&quot;,&quot;credit&quot;:&quot;&quot;,&quot;camera&quot;:&quot;&quot;,&quot;caption&quot;:&quot;&quot;,&quot;created_timestamp&quot;:&quot;0&quot;,&quot;copyright&quot;:&quot;&quot;,&quot;focal_length&quot;:&quot;0&quot;,&quot;iso&quot;:&quot;0&quot;,&quot;shutter_speed&quot;:&quot;0&quot;,&quot;title&quot;:&quot;&quot;,&quot;orientation&quot;:&quot;0&quot;}\" data-image-title=\"Wirtschaftspolitik\" data-image-description=\"\" data-image-caption=\"\" data-medium-file=\"https:\/\/gud-zwingenberg.de\/wp-content\/uploads\/2021\/02\/Wirtschaftspolitik-300x225.png\" data-large-file=\"https:\/\/gud-zwingenberg.de\/wp-content\/uploads\/2021\/02\/Wirtschaftspolitik.png\" src=\"https:\/\/gud-zwingenberg.de\/wp-content\/uploads\/2021\/02\/Wirtschaftspolitik.png\" alt=\"\" class=\"wp-image-1358\" width=\"401\" height=\"301\" srcset=\"https:\/\/gud-zwingenberg.de\/wp-content\/uploads\/2021\/02\/Wirtschaftspolitik.png 615w, https:\/\/gud-zwingenberg.de\/wp-content\/uploads\/2021\/02\/Wirtschaftspolitik-300x225.png 300w\" sizes=\"auto, (max-width: 401px) 100vw, 401px\" \/><\/figure><\/div>\n\n\n\n<p>Zwingenberg bietet mit der zentralen Lage in der Rhein-Main-Neckar-Region gute Voraussetzungen f\u00fcr Unternehmen der Dienstleistungsbranchen. <\/p>\n\n\n\n<p>Neben der sp\u00fcrbaren Verbesserung der Anbindung an den Nahverkehr kann Zwingenberg mittlerweile auch bei der Geschwindigkeit von Anschl\u00fcssen an die neue Medienwelt punkten. So bieten sich gute Voraussetzungen f\u00fcr Konzepte \u201eWohnen und Arbeiten unter einem Dach\u201c. Die M\u00f6glichkeiten f\u00fcr Homeoffice-Arbeitspl\u00e4tze sind weitgehend zeitgem\u00e4\u00df und die Stadt bietet ein attraktives Ambiente, um kreative Dienstleister f\u00fcr diese Region zu begeistern. <\/p>\n\n\n\n<p>Dar\u00fcber hinaus kann Zwingenberg ein begrenztes Areal an Gewerbefl\u00e4chen bieten, dass m\u00f6glichst dem \u00f6rtlichen Gewerbe als Basis f\u00fcr die Weiterent- wicklung dienen sollte.<\/p>\n\n\n\n<h2 class=\"wp-block-heading\">GUD-Ziele:<\/h2>\n\n\n\n<ul class=\"wp-block-list\"><li>Weiterentwicklung einer zeitgem\u00e4\u00dfen digitalen<\/li><li>Infrastruktur f\u00fcr neue Medien<\/li><li>Nutzung von Mischgebieten f\u00fcr Dienstleister<\/li><li>Aufwertung der aktuellen Gewerbefl\u00e4chen<\/li><li>Einbindung von Rodau in den Nahverkehr<\/li><\/ul>\n\n\n\n<p><\/p>\n\n\n\n<hr class=\"wp-block-separator has-text-color has-background\" style=\"background-color:#10e223;color:#10e223\"\/>\n\n\n\n<h2 class=\"wp-block-heading\">Navigieren Sie weiter durch unser Programm:<\/h2>\n\n\n\n<div class=\"wp-block-group\"><div class=\"wp-block-group__inner-container is-layout-flow wp-block-group-is-layout-flow\"><nav class=\"is-responsive wp-block-navigation is-layout-flex wp-block-navigation-is-layout-flex\" \n\t\t data-wp-interactive=\"core\/navigation\" data-wp-context='{\"overlayOpenedBy\":{\"click\":false,\"hover\":false,\"focus\":false},\"type\":\"overlay\",\"roleAttribute\":\"\",\"ariaLabel\":\"Men\\u00fc\"}'><button aria-haspopup=\"dialog\" aria-label=\"Men\u00fc \u00f6ffnen\" class=\"wp-block-navigation__responsive-container-open\" \n\t\t\t\tdata-wp-on--click=\"actions.openMenuOnClick\"\n\t\t\t\tdata-wp-on--keydown=\"actions.handleMenuKeydown\"\n\t\t\t><svg width=\"24\" height=\"24\" xmlns=\"http:\/\/www.w3.org\/2000\/svg\" viewBox=\"0 0 24 24\" aria-hidden=\"true\" focusable=\"false\"><path d=\"M4 7.5h16v1.5H4z\"><\/path><path d=\"M4 15h16v1.5H4z\"><\/path><\/svg><\/button>\n\t\t\t\t<div class=\"wp-block-navigation__responsive-container\"  id=\"modal-1\" \n\t\t\t\tdata-wp-class--has-modal-open=\"state.isMenuOpen\"\n\t\t\t\tdata-wp-class--is-menu-open=\"state.isMenuOpen\"\n\t\t\t\tdata-wp-watch=\"callbacks.initMenu\"\n\t\t\t\tdata-wp-on--keydown=\"actions.handleMenuKeydown\"\n\t\t\t\tdata-wp-on--focusout=\"actions.handleMenuFocusout\"\n\t\t\t\ttabindex=\"-1\"\n\t\t\t>\n\t\t\t\t\t<div class=\"wp-block-navigation__responsive-close\" tabindex=\"-1\">\n\t\t\t\t\t\t<div class=\"wp-block-navigation__responsive-dialog\" \n\t\t\t\tdata-wp-bind--aria-modal=\"state.ariaModal\"\n\t\t\t\tdata-wp-bind--aria-label=\"state.ariaLabel\"\n\t\t\t\tdata-wp-bind--role=\"state.roleAttribute\"\n\t\t\t>\n\t\t\t\t\t\t\t<button aria-label=\"Men\u00fc schlie\u00dfen\" class=\"wp-block-navigation__responsive-container-close\" \n\t\t\t\tdata-wp-on--click=\"actions.closeMenuOnClick\"\n\t\t\t><svg xmlns=\"http:\/\/www.w3.org\/2000\/svg\" viewBox=\"0 0 24 24\" width=\"24\" height=\"24\" aria-hidden=\"true\" focusable=\"false\"><path d=\"m13.06 12 6.47-6.47-1.06-1.06L12 10.94 5.53 4.47 4.47 5.53 10.94 12l-6.47 6.47 1.06 1.06L12 13.06l6.47 6.47 1.06-1.06L13.06 12Z\"><\/path><\/svg><\/button>\n\t\t\t\t\t\t\t<div class=\"wp-block-navigation__responsive-container-content\" \n\t\t\t\tdata-wp-watch=\"callbacks.focusFirstElement\"\n\t\t\t id=\"modal-1-content\">\n\t\t\t\t\t\t\t\t<ul class=\"wp-block-navigation__container is-responsive wp-block-navigation\"><li class=\" wp-block-navigation-item wp-block-navigation-link\"><a class=\"wp-block-navigation-item__content\"  href=\"https:\/\/gud-zwingenberg.de\/?page_id=1395\"><span class=\"wp-block-navigation-item__label\">Stadtentwicklung, \u00f6kologisch und sozial ausgewogen<\/span><\/a><\/li><li class=\" wp-block-navigation-item wp-block-navigation-link\"><a class=\"wp-block-navigation-item__content\"  href=\"https:\/\/gud-zwingenberg.de\/?page_id=1399\"><span class=\"wp-block-navigation-item__label\">Gr\u00fcne Ma\u00dfnahmen gegen den Klimawandel<\/span><\/a><\/li><li class=\" wp-block-navigation-item wp-block-navigation-link\"><a class=\"wp-block-navigation-item__content\"  href=\"https:\/\/gud-zwingenberg.de\/?page_id=1401\"><span class=\"wp-block-navigation-item__label\">Klimaaktive Ausgleichsfl\u00e4chen<\/span><\/a><\/li><li class=\" wp-block-navigation-item wp-block-navigation-link\"><a class=\"wp-block-navigation-item__content\"  href=\"https:\/\/gud-zwingenberg.de\/?page_id=1403\"><span class=\"wp-block-navigation-item__label\">Sicherung der ortsnahen Wasserversorgung<\/span><\/a><\/li><li class=\" wp-block-navigation-item wp-block-navigation-link\"><a class=\"wp-block-navigation-item__content\"  href=\"https:\/\/gud-zwingenberg.de\/?page_id=1407\"><span class=\"wp-block-navigation-item__label\">Verkehrspolitik f\u00fcr Zwingenberg und Rodau<\/span><\/a><\/li><li class=\" wp-block-navigation-item wp-block-navigation-link\"><a class=\"wp-block-navigation-item__content\"  href=\"https:\/\/gud-zwingenberg.de\/?page_id=1409\"><span class=\"wp-block-navigation-item__label\">Politik f\u00fcr Kinder und Familien<\/span><\/a><\/li><li class=\" wp-block-navigation-item wp-block-navigation-link\"><a class=\"wp-block-navigation-item__content\"  href=\"https:\/\/gud-zwingenberg.de\/?page_id=1416\"><span class=\"wp-block-navigation-item__label\">Politik f\u00fcr Seniorinnen und Senioren<\/span><\/a><\/li><li class=\" wp-block-navigation-item wp-block-navigation-link\"><a class=\"wp-block-navigation-item__content\"  href=\"https:\/\/gud-zwingenberg.de\/?page_id=1418\"><span class=\"wp-block-navigation-item__label\">Haushaltspolitische Herausforderungen<\/span><\/a><\/li><li class=\" wp-block-navigation-item wp-block-navigation-link\"><a class=\"wp-block-navigation-item__content\"  href=\"https:\/\/gud-zwingenberg.de\/?page_id=1420\"><span class=\"wp-block-navigation-item__label\">Wirtschaftspolitik<\/span><\/a><\/li><li class=\" wp-block-navigation-item wp-block-navigation-link\"><a class=\"wp-block-navigation-item__content\"  href=\"https:\/\/gud-zwingenberg.de\/?page_id=1422\"><span class=\"wp-block-navigation-item__label\">Denkmalschutz<\/span><\/a><\/li><li class=\" wp-block-navigation-item wp-block-navigation-link\"><a class=\"wp-block-navigation-item__content\"  href=\"https:\/\/gud-zwingenberg.de\/?page_id=1424\"><span class=\"wp-block-navigation-item__label\">Kunst und Kultur<\/span><\/a><\/li><li class=\" wp-block-navigation-item wp-block-navigation-link\"><a class=\"wp-block-navigation-item__content\"  href=\"https:\/\/gud-zwingenberg.de\/?page_id=1426\"><span class=\"wp-block-navigation-item__label\">Ehrenamt und Vereinsarbeit<\/span><\/a><\/li><li class=\" wp-block-navigation-item wp-block-navigation-link\"><a class=\"wp-block-navigation-item__content\"  href=\"https:\/\/gud-zwingenberg.de\/?page_id=1389\"><span class=\"wp-block-navigation-item__label\">Zur\u00fcck zur \u00dcbersicht<\/span><\/a><\/li><li class=\" wp-block-navigation-item wp-block-navigation-link\"><a class=\"wp-block-navigation-item__content\"  href=\"https:\/\/gud-zwingenberg.de\/?page_id=1428\"><span class=\"wp-block-navigation-item__label\">F\u00fcr eine weltoffene Gesellschaft<\/span><\/a><\/li><li class=\" wp-block-navigation-item wp-block-navigation-link\"><a class=\"wp-block-navigation-item__content\"  href=\"https:\/\/gud-zwingenberg.de\/?page_id=1430\"><span class=\"wp-block-navigation-item__label\">R\u00fcckblick<\/span><\/a><\/li><li class=\" wp-block-navigation-item wp-block-navigation-link\"><a class=\"wp-block-navigation-item__content\"  href=\"https:\/\/gud-zwingenberg.de\/?page_id=1389\"><span class=\"wp-block-navigation-item__label\">Zur\u00fcck zur \u00dcbersicht<\/span><\/a><\/li><\/ul>\n\t\t\t\t\t\t\t<\/div>\n\t\t\t\t\t\t<\/div>\n\t\t\t\t\t<\/div>\n\t\t\t\t<\/div><\/nav><\/div><\/div>\n","protected":false},"excerpt":{"rendered":"<p>Zwingenberg bietet mit der zentralen Lage in der Rhein-Main-Neckar-Region gute Voraussetzungen f\u00fcr Unternehmen der Dienstleistungsbranchen. Neben der sp\u00fcrbaren Verbesserung der Anbindung an den Nahverkehr kann Zwingenberg mittlerweile auch bei der Geschwindigkeit von Anschl\u00fcssen an die neue Medienwelt punkten. So bieten sich gute Voraussetzungen f\u00fcr Konzepte \u201eWohnen und Arbeiten unter einem Dach\u201c. Die M\u00f6glichkeiten f\u00fcr Homeoffice-Arbeitspl\u00e4tze &hellip; <a href=\"https:\/\/gud-zwingenberg.de\/?page_id=1420\" class=\"more-link\"><span class=\"screen-reader-text\">Wirtschaftspolitik<\/span> weiterlesen<\/a><\/p>\n","protected":false},"author":2,"featured_media":0,"parent":0,"menu_order":0,"comment_status":"closed","ping_status":"closed","template":"","meta":{"footnotes":""},"class_list":["post-1420","page","type-page","status-publish","hentry"],"jetpack_sharing_enabled":true,"jetpack_shortlink":"https:\/\/wp.me\/P7BMaa-mU","jetpack-related-posts":[],"_links":{"self":[{"href":"https:\/\/gud-zwingenberg.de\/index.php?rest_route=\/wp\/v2\/pages\/1420","targetHints":{"allow":["GET"]}}],"collection":[{"href":"https:\/\/gud-zwingenberg.de\/index.php?rest_route=\/wp\/v2\/pages"}],"about":[{"href":"https:\/\/gud-zwingenberg.de\/index.php?rest_route=\/wp\/v2\/types\/page"}],"author":[{"embeddable":true,"href":"https:\/\/gud-zwingenberg.de\/index.php?rest_route=\/wp\/v2\/users\/2"}],"replies":[{"embeddable":true,"href":"https:\/\/gud-zwingenberg.de\/index.php?rest_route=%2Fwp%2Fv2%2Fcomments&post=1420"}],"version-history":[{"count":2,"href":"https:\/\/gud-zwingenberg.de\/index.php?rest_route=\/wp\/v2\/pages\/1420\/revisions"}],"predecessor-version":[{"id":1547,"href":"https:\/\/gud-zwingenberg.de\/index.php?rest_route=\/wp\/v2\/pages\/1420\/revisions\/1547"}],"wp:attachment":[{"href":"https:\/\/gud-zwingenberg.de\/index.php?rest_route=%2Fwp%2Fv2%2Fmedia&parent=1420"}],"curies":[{"name":"wp","href":"https:\/\/api.w.org\/{rel}","templated":true}]}}