{"id":1430,"date":"2021-02-14T20:43:36","date_gmt":"2021-02-14T20:43:36","guid":{"rendered":"https:\/\/gud-zwingenberg.de\/?page_id=1430"},"modified":"2021-02-18T21:20:48","modified_gmt":"2021-02-18T21:20:48","slug":"rueckblick-2","status":"publish","type":"page","link":"https:\/\/gud-zwingenberg.de\/?page_id=1430","title":{"rendered":"R\u00fcckblick"},"content":{"rendered":"\n<p>Nach der Kommunalwahl 2016 wurde die GUD Zwingenberg mit <strong>20,4% der W\u00e4hlerstimmen und 7 Stadtverordneten<\/strong> zum ersten Mal nach ihrer Gr\u00fcndung vor 40 Jahren zweitst\u00e4rkste Fraktion im 31-k\u00f6pfigen Stadtparlament. Damit haben wir die Oppositionsf\u00fchrerschaft inne und konnten aus dieser Position unsere engagierte Arbeit der vorangegangenen Jahre f\u00fcr unsere Stadt fortsetzen. In den drei 7-k\u00f6pfigen <strong>Fachaussch\u00fcssen<\/strong> des Parlaments hat die GUD damit ihre jeweiligen zwei Sitze verteidigen k\u00f6nnen. Neben der Mitgliedschaft der zwei GUD-Vertreterinnen und Vertreter im Bau-, Planungs- und Umweltausschuss und dem Sozial-, Kultur- und Sportausschuss, haben wir dar\u00fcber hinaus auch seit 10 Jahren den Vorsitz im Haupt- und Finanzausschuss inne.<\/p>\n\n\n\n<figure class=\"wp-block-image size-large\"><img loading=\"lazy\" decoding=\"async\" width=\"960\" height=\"720\" data-attachment-id=\"1373\" data-permalink=\"https:\/\/gud-zwingenberg.de\/?attachment_id=1373\" data-orig-file=\"https:\/\/gud-zwingenberg.de\/wp-content\/uploads\/2021\/02\/Kommunalwahlerfolge.png\" data-orig-size=\"960,720\" data-comments-opened=\"0\" data-image-meta=\"{&quot;aperture&quot;:&quot;0&quot;,&quot;credit&quot;:&quot;&quot;,&quot;camera&quot;:&quot;&quot;,&quot;caption&quot;:&quot;&quot;,&quot;created_timestamp&quot;:&quot;0&quot;,&quot;copyright&quot;:&quot;&quot;,&quot;focal_length&quot;:&quot;0&quot;,&quot;iso&quot;:&quot;0&quot;,&quot;shutter_speed&quot;:&quot;0&quot;,&quot;title&quot;:&quot;&quot;,&quot;orientation&quot;:&quot;0&quot;}\" data-image-title=\"Kommunalwahlerfolge\" data-image-description=\"\" data-image-caption=\"\" data-medium-file=\"https:\/\/gud-zwingenberg.de\/wp-content\/uploads\/2021\/02\/Kommunalwahlerfolge-300x225.png\" data-large-file=\"https:\/\/gud-zwingenberg.de\/wp-content\/uploads\/2021\/02\/Kommunalwahlerfolge.png\" src=\"https:\/\/gud-zwingenberg.de\/wp-content\/uploads\/2021\/02\/Kommunalwahlerfolge.png\" alt=\"\" class=\"wp-image-1373\" srcset=\"https:\/\/gud-zwingenberg.de\/wp-content\/uploads\/2021\/02\/Kommunalwahlerfolge.png 960w, https:\/\/gud-zwingenberg.de\/wp-content\/uploads\/2021\/02\/Kommunalwahlerfolge-300x225.png 300w, https:\/\/gud-zwingenberg.de\/wp-content\/uploads\/2021\/02\/Kommunalwahlerfolge-768x576.png 768w\" sizes=\"auto, (max-width: 960px) 100vw, 960px\" \/><\/figure>\n\n\n\n<p>Zuletzt haben uns <strong>Evelyn Berg <\/strong>im Magistrat, <strong>Maria Paulsen, Nicola Sp\u00e4th, Hannah Beck, Ulrich K\u00fchnhold, Dominik Fliess, Detlef Kannengie\u00dfer<\/strong> und <strong>Wolfgang Lehrian<\/strong> im Stadtparlament vertreten.<\/p>\n\n\n\n<p>Schwerpunkt unserer Politik war und ist es, mit <strong>Engagement und Fairness<\/strong> die besten L\u00f6sungen f\u00fcr unsere Stadt zu erringen. Dazu sind wir auch bereit, Kompromisse auszuhandeln und pragmatische Ans\u00e4tze zu unterst\u00fctzen. Vor allem musste, wie auch schon in den vorausgegangenen Jahren, die angespannte Haushaltssituation ber\u00fccksichtigt werden. In den Be- ratungen der verschiedenen Gremien haben wir uns immer mit gro\u00dfem Sachverstand und Engagement f\u00fcr die Belange der Stadt eingesetzt und ma\u00dfgeblich dazu beigetragen, diese positiv zu beeinflussen. <\/p>\n\n\n\n<h2 class=\"wp-block-heading\">Was war los in den Jahren 2016-2021, Auswahl der Aktivit\u00e4ten: <\/h2>\n\n\n\n<ul class=\"wp-block-list\"><li>Eine der ersten Handlungen der neuen Mehrheit aus CDU und FDP war es, den erfolgreichen B\u00fcrgerentscheid von 2008 zugunsten eines <strong>eigenen Trinkwasserbrunnens <\/strong>zu kippen. Obwohl die Probebohrung im Bereich der Stra\u00dfen BAB5 und K67 eine einwandfreie Wasserqualit\u00e4t ergab, wurde der Weiterausbau des Brunnens abgelehnt. Damit ist eine Investition von rund 100.000\u20ac weitgehend verloren. Zudem wurden die Trinkwasserrechte an allen drei Zwingenberger Quellen wahrscheinlich unwiederbringlich aufgegeben.<\/li><\/ul>\n\n\n\n<p><\/p>\n\n\n\n<ul class=\"wp-block-list\"><li>Aktive und verantwortungsvolle B\u00fcrgerinnen und B\u00fcrger konnten mit Protesten und Leserbriefen den drohenden Abriss der <strong>Blockh\u00fctte<\/strong> (Lucibergh\u00fctte) verhindern. Mit dem Segen des Magistrats, gegen die Stimmen der GUD, wurden hier verschiedene Bebauungsmodelle f\u00fcr ein Weinlokal entworfen, von denen eines mit der Flurbereinigung umgesetzt werden sollte. Und dies ungeachtet der Tatsache, dass dann massive Bauk\u00f6rper, Verkehrsstr\u00f6me und Versorgungsleitungen mitten im sensiblen Landschaftsschutzgebiet die Folge gewesen w\u00e4ren. Wir werden uns auch weiterhin f\u00fcr den Erhalt der Blockh\u00fctte einsetzen.<br><\/li><\/ul>\n\n\n\n<ul class=\"wp-block-list\"><li>Mit Hilfe eines Planungsb\u00fcros aus Frankfurt sollte <strong>westlich der Melibokushalle<\/strong> ein zweites Stadtzentrum nach Vorbild des Altstadtmarktplatzes entstehen. Der Parkplatz, die vielen B\u00e4ume darauf und der naturnah bewachsene Bahndamm mit dem ehemaligen G\u00fcterbahnhof, w\u00e4ren einer viel zu dichten Bebauung mit Ein- und Mehrfamilienh\u00e4usern zum Opfer gefallen. Obwohl dies gegen die Stimmen der GUD bereits beschlossen war, halfen auch hier engagierte B\u00fcrgerinnen und B\u00fcrger mit Protesten und Leserbriefen mit, diesen abstrusen Plan zu kippen. In einer, durch diesen Nachdruck einger\u00e4umten B\u00fcrgerversammlung wurde klar, dass es in der Zwingenberger Bev\u00f6lkerung keine Freunde f\u00fcr diesen Plan gab.<\/li><\/ul>\n\n\n\n<p><\/p>\n\n\n\n<div class=\"wp-block-image\"><figure class=\"alignright size-large is-resized\"><img loading=\"lazy\" decoding=\"async\" data-attachment-id=\"1383\" data-permalink=\"https:\/\/gud-zwingenberg.de\/?attachment_id=1383\" data-orig-file=\"https:\/\/gud-zwingenberg.de\/wp-content\/uploads\/2021\/02\/Brunnen-Bergkirche.png\" data-orig-size=\"252,337\" data-comments-opened=\"0\" data-image-meta=\"{&quot;aperture&quot;:&quot;0&quot;,&quot;credit&quot;:&quot;&quot;,&quot;camera&quot;:&quot;&quot;,&quot;caption&quot;:&quot;&quot;,&quot;created_timestamp&quot;:&quot;0&quot;,&quot;copyright&quot;:&quot;&quot;,&quot;focal_length&quot;:&quot;0&quot;,&quot;iso&quot;:&quot;0&quot;,&quot;shutter_speed&quot;:&quot;0&quot;,&quot;title&quot;:&quot;&quot;,&quot;orientation&quot;:&quot;0&quot;}\" data-image-title=\"Brunnen-Bergkirche\" data-image-description=\"\" data-image-caption=\"\" data-medium-file=\"https:\/\/gud-zwingenberg.de\/wp-content\/uploads\/2021\/02\/Brunnen-Bergkirche-224x300.png\" data-large-file=\"https:\/\/gud-zwingenberg.de\/wp-content\/uploads\/2021\/02\/Brunnen-Bergkirche.png\" src=\"https:\/\/gud-zwingenberg.de\/wp-content\/uploads\/2021\/02\/Brunnen-Bergkirche.png\" alt=\"\" class=\"wp-image-1383\" width=\"234\" height=\"313\" srcset=\"https:\/\/gud-zwingenberg.de\/wp-content\/uploads\/2021\/02\/Brunnen-Bergkirche.png 252w, https:\/\/gud-zwingenberg.de\/wp-content\/uploads\/2021\/02\/Brunnen-Bergkirche-224x300.png 224w\" sizes=\"auto, (max-width: 234px) 100vw, 234px\" \/><\/figure><\/div>\n\n\n\n<ul class=\"wp-block-list\"><li>Keine Mehrheit fand der Vorschlag der GUD, einen <strong>Ortsbeirat f\u00fcr die Kernstadt<\/strong> Zwingenberg einzurichten. Die Erfahrungen in Rodau zeigen aber, dass so eine Institution gut genutzt wird und auch f\u00fcr engagierte B\u00fcrgerinnen und B\u00fcrger mehr Mitsprachem\u00f6glichkeiten er\u00f6ffnen kann. Zum Beispiel k\u00f6nnten dann die Belange im denkmalgesch\u00fctzten Bereich der Altstadt auf deutlich k\u00fcrzeren Wegen behandelt und diskutiert werden.<\/li><\/ul>\n\n\n\n<p><\/p>\n\n\n\n<ul class=\"wp-block-list\"><li>Der Einsatz f\u00fcr die Abschaffung der <strong>Stra\u00dfenbeitr\u00e4ge<\/strong> war ein weiteres Beispiel f\u00fcr die erfolgreiche Anstrengung von unabh\u00e4ngigen B\u00fcrgerinnen und B\u00fcrgern f\u00fcr das Gemeinwohl. Auf Druck der in einer B\u00fcrgerinitiative zusammengefundenen Anwohner der B3 hatte zun\u00e4chst die SPD-Fraktion vorgeschlagen, die sogenannten wiederkehrenden Stra\u00dfenbeitr\u00e4ge einzuf\u00fchren. Die GUD machte sich daraufhin sofort f\u00fcr deren komplette Abschaffung stark. Wie ein darauffolgender Vergleich zeigte, ist unter dem Strich die Aufteilung auf alle Einwohnerinnen und Einwohner \u00fcber Steuergelder \u201eohne gro\u00dfen Verwaltungsaufwand\u201c die beste und gerechteste L\u00f6sung. Gegen die Stimmen der FDP wurde dies so beschlossen und mit der Ver\u00f6ffentlichung am <strong>31.08.2020<\/strong> wirksam.<br><\/li><\/ul>\n\n\n\n<ul class=\"wp-block-list\"><li>Der Platzbedarf des von allen Fraktionen unterst\u00fctzten Baus eines neuen Kindergartens hatte zur Folge, dass unser knapp 30 Jahre altes <strong>Jugendzentrum<\/strong> abgerissen werden musste. Entgegen der Vorschl\u00e4ge der GUD gibt es keinerlei Ersatz, so dass die st\u00e4dtische Jugendarbeit komplett zum Erliegen gekommen ist.<\/li><\/ul>\n\n\n\n<p><\/p>\n\n\n\n<ul class=\"wp-block-list\"><li>Die vom Mehrheitsbeschluss bedrohte <strong>s\u00fcdliche Baumreihe auf dem Melibokusparkplatz <\/strong>war 2020 der Anlass zu einer \u201eGUD-Informiert-Open-Air-Veranstaltung\u201c an dieser Stelle, nat\u00fcrlich unter Beachtung der Corona-Bedingungen. <\/li><\/ul>\n\n\n\n<figure class=\"wp-block-image size-large\"><img loading=\"lazy\" decoding=\"async\" width=\"882\" height=\"424\" data-attachment-id=\"1362\" data-permalink=\"https:\/\/gud-zwingenberg.de\/?attachment_id=1362\" data-orig-file=\"https:\/\/gud-zwingenberg.de\/wp-content\/uploads\/2021\/02\/Suedlicher-Melibokusparkplatz.png\" data-orig-size=\"882,424\" data-comments-opened=\"0\" data-image-meta=\"{&quot;aperture&quot;:&quot;0&quot;,&quot;credit&quot;:&quot;&quot;,&quot;camera&quot;:&quot;&quot;,&quot;caption&quot;:&quot;&quot;,&quot;created_timestamp&quot;:&quot;0&quot;,&quot;copyright&quot;:&quot;&quot;,&quot;focal_length&quot;:&quot;0&quot;,&quot;iso&quot;:&quot;0&quot;,&quot;shutter_speed&quot;:&quot;0&quot;,&quot;title&quot;:&quot;&quot;,&quot;orientation&quot;:&quot;0&quot;}\" data-image-title=\"S\u00fcdlicher-Melibokusparkplatz\" data-image-description=\"\" data-image-caption=\"\" data-medium-file=\"https:\/\/gud-zwingenberg.de\/wp-content\/uploads\/2021\/02\/Suedlicher-Melibokusparkplatz-300x144.png\" data-large-file=\"https:\/\/gud-zwingenberg.de\/wp-content\/uploads\/2021\/02\/Suedlicher-Melibokusparkplatz.png\" src=\"https:\/\/gud-zwingenberg.de\/wp-content\/uploads\/2021\/02\/Suedlicher-Melibokusparkplatz.png\" alt=\"\" class=\"wp-image-1362\" srcset=\"https:\/\/gud-zwingenberg.de\/wp-content\/uploads\/2021\/02\/Suedlicher-Melibokusparkplatz.png 882w, https:\/\/gud-zwingenberg.de\/wp-content\/uploads\/2021\/02\/Suedlicher-Melibokusparkplatz-300x144.png 300w, https:\/\/gud-zwingenberg.de\/wp-content\/uploads\/2021\/02\/Suedlicher-Melibokusparkplatz-768x369.png 768w\" sizes=\"auto, (max-width: 882px) 100vw, 882px\" \/><figcaption>S\u00fcdlicher Melibokusparkplatz<\/figcaption><\/figure>\n\n\n\n<p>Mit Unterst\u00fctzung eines Vertreters des BUND wurde den zahlreichen<br>interessierten Besucherinnen und Besuchern der Nutzen gesunder<br>B\u00e4ume als Lebensraumverbesserung und ihre Bedeutung f\u00fcr das<br>st\u00e4dtische Klima nahegebracht. Dazu konnte von uns mit ausgestellten<br>Fotos zus\u00e4tzlich bewiesen werden, dass zahlreiche B\u00e4ume in Parks,<br>Alleen oder anderen \u00f6ffentlichen Stellen verschwunden sind. Hier gibt es noch dringenden Handlungsbedarf.<\/p>\n\n\n\n<p><\/p>\n\n\n\n<ul class=\"wp-block-list\"><li>Einer unserer letzten Antr\u00e4ge betraf die <strong>Kleingartenanlage<\/strong> westlich des Zwingenberger Sportplatzes. <br><br>Wir wollen dieses Areal grunds\u00e4tzlich aus den Planungen f\u00fcr neue Gewerbe- oder Wohngebiete herausnehmen, da unserer Meinung nach, diese gr\u00fcne Oase in jedem Fall f\u00fcr unsere Stadt unverzichtbar ist. Jegliche Begehrlichkeit und Planungen f\u00fcr dieses Gebiet sind von vorne herein Zeit- und Geldverschwendung. Wir lehnen es ab, die wie auch immer ausfallenden Planungsergebnisse erst einmal abzuwarten (SPD) oder zu einem sp\u00e4teren Zeitpunkt (CDU) dar\u00fcber zu debattieren. <br><br>Leider konnten die anderen Fraktionen diesem Antrag nicht vorbehaltlos zustimmen.<\/li><\/ul>\n\n\n\n<p><\/p>\n\n\n\n<hr class=\"wp-block-separator has-text-color has-background\" style=\"background-color:#10e223;color:#10e223\"\/>\n\n\n\n<h2 class=\"wp-block-heading\">Navigieren Sie weiter durch unser Programm:<\/h2>\n\n\n\n<div class=\"wp-block-group\"><div class=\"wp-block-group__inner-container is-layout-flow wp-block-group-is-layout-flow\"><nav class=\"is-responsive wp-block-navigation is-layout-flex wp-block-navigation-is-layout-flex\" \n\t\t data-wp-interactive=\"core\/navigation\" data-wp-context='{\"overlayOpenedBy\":{\"click\":false,\"hover\":false,\"focus\":false},\"type\":\"overlay\",\"roleAttribute\":\"\",\"ariaLabel\":\"Men\\u00fc\"}'><button aria-haspopup=\"dialog\" aria-label=\"Men\u00fc \u00f6ffnen\" class=\"wp-block-navigation__responsive-container-open\" \n\t\t\t\tdata-wp-on--click=\"actions.openMenuOnClick\"\n\t\t\t\tdata-wp-on--keydown=\"actions.handleMenuKeydown\"\n\t\t\t><svg width=\"24\" height=\"24\" xmlns=\"http:\/\/www.w3.org\/2000\/svg\" viewBox=\"0 0 24 24\" aria-hidden=\"true\" focusable=\"false\"><path d=\"M4 7.5h16v1.5H4z\"><\/path><path d=\"M4 15h16v1.5H4z\"><\/path><\/svg><\/button>\n\t\t\t\t<div class=\"wp-block-navigation__responsive-container\"  id=\"modal-1\" \n\t\t\t\tdata-wp-class--has-modal-open=\"state.isMenuOpen\"\n\t\t\t\tdata-wp-class--is-menu-open=\"state.isMenuOpen\"\n\t\t\t\tdata-wp-watch=\"callbacks.initMenu\"\n\t\t\t\tdata-wp-on--keydown=\"actions.handleMenuKeydown\"\n\t\t\t\tdata-wp-on--focusout=\"actions.handleMenuFocusout\"\n\t\t\t\ttabindex=\"-1\"\n\t\t\t>\n\t\t\t\t\t<div class=\"wp-block-navigation__responsive-close\" tabindex=\"-1\">\n\t\t\t\t\t\t<div class=\"wp-block-navigation__responsive-dialog\" \n\t\t\t\tdata-wp-bind--aria-modal=\"state.ariaModal\"\n\t\t\t\tdata-wp-bind--aria-label=\"state.ariaLabel\"\n\t\t\t\tdata-wp-bind--role=\"state.roleAttribute\"\n\t\t\t>\n\t\t\t\t\t\t\t<button aria-label=\"Men\u00fc schlie\u00dfen\" class=\"wp-block-navigation__responsive-container-close\" \n\t\t\t\tdata-wp-on--click=\"actions.closeMenuOnClick\"\n\t\t\t><svg xmlns=\"http:\/\/www.w3.org\/2000\/svg\" viewBox=\"0 0 24 24\" width=\"24\" height=\"24\" aria-hidden=\"true\" focusable=\"false\"><path d=\"m13.06 12 6.47-6.47-1.06-1.06L12 10.94 5.53 4.47 4.47 5.53 10.94 12l-6.47 6.47 1.06 1.06L12 13.06l6.47 6.47 1.06-1.06L13.06 12Z\"><\/path><\/svg><\/button>\n\t\t\t\t\t\t\t<div class=\"wp-block-navigation__responsive-container-content\" \n\t\t\t\tdata-wp-watch=\"callbacks.focusFirstElement\"\n\t\t\t id=\"modal-1-content\">\n\t\t\t\t\t\t\t\t<ul class=\"wp-block-navigation__container is-responsive wp-block-navigation\"><li class=\" wp-block-navigation-item wp-block-navigation-link\"><a class=\"wp-block-navigation-item__content\"  href=\"https:\/\/gud-zwingenberg.de\/?page_id=1395\"><span class=\"wp-block-navigation-item__label\">Stadtentwicklung, \u00f6kologisch und sozial ausgewogen<\/span><\/a><\/li><li class=\" wp-block-navigation-item wp-block-navigation-link\"><a class=\"wp-block-navigation-item__content\"  href=\"https:\/\/gud-zwingenberg.de\/?page_id=1399\"><span class=\"wp-block-navigation-item__label\">Gr\u00fcne Ma\u00dfnahmen gegen den Klimawandel<\/span><\/a><\/li><li class=\" wp-block-navigation-item wp-block-navigation-link\"><a class=\"wp-block-navigation-item__content\"  href=\"https:\/\/gud-zwingenberg.de\/?page_id=1401\"><span class=\"wp-block-navigation-item__label\">Klimaaktive Ausgleichsfl\u00e4chen<\/span><\/a><\/li><li class=\" wp-block-navigation-item wp-block-navigation-link\"><a class=\"wp-block-navigation-item__content\"  href=\"https:\/\/gud-zwingenberg.de\/?page_id=1403\"><span class=\"wp-block-navigation-item__label\">Sicherung der ortsnahen Wasserversorgung<\/span><\/a><\/li><li class=\" wp-block-navigation-item wp-block-navigation-link\"><a class=\"wp-block-navigation-item__content\"  href=\"https:\/\/gud-zwingenberg.de\/?page_id=1407\"><span class=\"wp-block-navigation-item__label\">Verkehrspolitik f\u00fcr Zwingenberg und Rodau<\/span><\/a><\/li><li class=\" wp-block-navigation-item wp-block-navigation-link\"><a class=\"wp-block-navigation-item__content\"  href=\"https:\/\/gud-zwingenberg.de\/?page_id=1409\"><span class=\"wp-block-navigation-item__label\">Politik f\u00fcr Kinder und Familien<\/span><\/a><\/li><li class=\" wp-block-navigation-item wp-block-navigation-link\"><a class=\"wp-block-navigation-item__content\"  href=\"https:\/\/gud-zwingenberg.de\/?page_id=1416\"><span class=\"wp-block-navigation-item__label\">Politik f\u00fcr Seniorinnen und Senioren<\/span><\/a><\/li><li class=\" wp-block-navigation-item wp-block-navigation-link\"><a class=\"wp-block-navigation-item__content\"  href=\"https:\/\/gud-zwingenberg.de\/?page_id=1418\"><span class=\"wp-block-navigation-item__label\">Haushaltspolitische Herausforderungen<\/span><\/a><\/li><li class=\" wp-block-navigation-item wp-block-navigation-link\"><a class=\"wp-block-navigation-item__content\"  href=\"https:\/\/gud-zwingenberg.de\/?page_id=1420\"><span class=\"wp-block-navigation-item__label\">Wirtschaftspolitik<\/span><\/a><\/li><li class=\" wp-block-navigation-item wp-block-navigation-link\"><a class=\"wp-block-navigation-item__content\"  href=\"https:\/\/gud-zwingenberg.de\/?page_id=1422\"><span class=\"wp-block-navigation-item__label\">Denkmalschutz<\/span><\/a><\/li><li class=\" wp-block-navigation-item wp-block-navigation-link\"><a class=\"wp-block-navigation-item__content\"  href=\"https:\/\/gud-zwingenberg.de\/?page_id=1424\"><span class=\"wp-block-navigation-item__label\">Kunst und Kultur<\/span><\/a><\/li><li class=\" wp-block-navigation-item wp-block-navigation-link\"><a class=\"wp-block-navigation-item__content\"  href=\"https:\/\/gud-zwingenberg.de\/?page_id=1426\"><span class=\"wp-block-navigation-item__label\">Ehrenamt und Vereinsarbeit<\/span><\/a><\/li><li class=\" wp-block-navigation-item wp-block-navigation-link\"><a class=\"wp-block-navigation-item__content\"  href=\"https:\/\/gud-zwingenberg.de\/?page_id=1389\"><span class=\"wp-block-navigation-item__label\">Zur\u00fcck zur \u00dcbersicht<\/span><\/a><\/li><li class=\" wp-block-navigation-item wp-block-navigation-link\"><a class=\"wp-block-navigation-item__content\"  href=\"https:\/\/gud-zwingenberg.de\/?page_id=1428\"><span class=\"wp-block-navigation-item__label\">F\u00fcr eine weltoffene Gesellschaft<\/span><\/a><\/li><li class=\" wp-block-navigation-item wp-block-navigation-link\"><a class=\"wp-block-navigation-item__content\"  href=\"https:\/\/gud-zwingenberg.de\/?page_id=1430\"><span class=\"wp-block-navigation-item__label\">R\u00fcckblick<\/span><\/a><\/li><li class=\" wp-block-navigation-item wp-block-navigation-link\"><a class=\"wp-block-navigation-item__content\"  href=\"https:\/\/gud-zwingenberg.de\/?page_id=1389\"><span class=\"wp-block-navigation-item__label\">Zur\u00fcck zur \u00dcbersicht<\/span><\/a><\/li><\/ul>\n\t\t\t\t\t\t\t<\/div>\n\t\t\t\t\t\t<\/div>\n\t\t\t\t\t<\/div>\n\t\t\t\t<\/div><\/nav><\/div><\/div>\n","protected":false},"excerpt":{"rendered":"<p>Nach der Kommunalwahl 2016 wurde die GUD Zwingenberg mit 20,4% der W\u00e4hlerstimmen und 7 Stadtverordneten zum ersten Mal nach ihrer Gr\u00fcndung vor 40 Jahren zweitst\u00e4rkste Fraktion im 31-k\u00f6pfigen Stadtparlament. Damit haben wir die Oppositionsf\u00fchrerschaft inne und konnten aus dieser Position unsere engagierte Arbeit der vorangegangenen Jahre f\u00fcr unsere Stadt fortsetzen. In den drei 7-k\u00f6pfigen Fachaussch\u00fcssen &hellip; <a href=\"https:\/\/gud-zwingenberg.de\/?page_id=1430\" class=\"more-link\"><span class=\"screen-reader-text\">R\u00fcckblick<\/span> weiterlesen<\/a><\/p>\n","protected":false},"author":2,"featured_media":0,"parent":0,"menu_order":0,"comment_status":"closed","ping_status":"closed","template":"","meta":{"footnotes":""},"class_list":["post-1430","page","type-page","status-publish","hentry"],"jetpack_sharing_enabled":true,"jetpack_shortlink":"https:\/\/wp.me\/P7BMaa-n4","jetpack-related-posts":[],"_links":{"self":[{"href":"https:\/\/gud-zwingenberg.de\/index.php?rest_route=\/wp\/v2\/pages\/1430","targetHints":{"allow":["GET"]}}],"collection":[{"href":"https:\/\/gud-zwingenberg.de\/index.php?rest_route=\/wp\/v2\/pages"}],"about":[{"href":"https:\/\/gud-zwingenberg.de\/index.php?rest_route=\/wp\/v2\/types\/page"}],"author":[{"embeddable":true,"href":"https:\/\/gud-zwingenberg.de\/index.php?rest_route=\/wp\/v2\/users\/2"}],"replies":[{"embeddable":true,"href":"https:\/\/gud-zwingenberg.de\/index.php?rest_route=%2Fwp%2Fv2%2Fcomments&post=1430"}],"version-history":[{"count":15,"href":"https:\/\/gud-zwingenberg.de\/index.php?rest_route=\/wp\/v2\/pages\/1430\/revisions"}],"predecessor-version":[{"id":1552,"href":"https:\/\/gud-zwingenberg.de\/index.php?rest_route=\/wp\/v2\/pages\/1430\/revisions\/1552"}],"wp:attachment":[{"href":"https:\/\/gud-zwingenberg.de\/index.php?rest_route=%2Fwp%2Fv2%2Fmedia&parent=1430"}],"curies":[{"name":"wp","href":"https:\/\/api.w.org\/{rel}","templated":true}]}}