{"id":1448,"date":"2021-02-15T17:34:40","date_gmt":"2021-02-15T17:34:40","guid":{"rendered":"https:\/\/gud-zwingenberg.de\/?page_id=1448"},"modified":"2021-02-15T17:38:01","modified_gmt":"2021-02-15T17:38:01","slug":"martin-giebeler","status":"publish","type":"page","link":"https:\/\/gud-zwingenberg.de\/?page_id=1448","title":{"rendered":"Martin Giebeler"},"content":{"rendered":"\n<div class=\"wp-block-image\"><figure class=\"alignright size-large\"><img loading=\"lazy\" decoding=\"async\" width=\"296\" height=\"442\" data-attachment-id=\"1481\" data-permalink=\"https:\/\/gud-zwingenberg.de\/?attachment_id=1481\" data-orig-file=\"https:\/\/gud-zwingenberg.de\/wp-content\/uploads\/2021\/02\/Martin-Giebeler.png\" data-orig-size=\"296,442\" data-comments-opened=\"0\" data-image-meta=\"{&quot;aperture&quot;:&quot;0&quot;,&quot;credit&quot;:&quot;&quot;,&quot;camera&quot;:&quot;&quot;,&quot;caption&quot;:&quot;&quot;,&quot;created_timestamp&quot;:&quot;0&quot;,&quot;copyright&quot;:&quot;&quot;,&quot;focal_length&quot;:&quot;0&quot;,&quot;iso&quot;:&quot;0&quot;,&quot;shutter_speed&quot;:&quot;0&quot;,&quot;title&quot;:&quot;&quot;,&quot;orientation&quot;:&quot;0&quot;}\" data-image-title=\"Martin Giebeler\" data-image-description=\"\" data-image-caption=\"\" data-medium-file=\"https:\/\/gud-zwingenberg.de\/wp-content\/uploads\/2021\/02\/Martin-Giebeler-201x300.png\" data-large-file=\"https:\/\/gud-zwingenberg.de\/wp-content\/uploads\/2021\/02\/Martin-Giebeler.png\" src=\"https:\/\/gud-zwingenberg.de\/wp-content\/uploads\/2021\/02\/Martin-Giebeler.png\" alt=\"\" class=\"wp-image-1481\" srcset=\"https:\/\/gud-zwingenberg.de\/wp-content\/uploads\/2021\/02\/Martin-Giebeler.png 296w, https:\/\/gud-zwingenberg.de\/wp-content\/uploads\/2021\/02\/Martin-Giebeler-201x300.png 201w\" sizes=\"auto, (max-width: 296px) 100vw, 296px\" \/><\/figure><\/div>\n\n\n\n<p>Jahrgang 1962, gl\u00fccklich verheiratet, 3 erwachsene Kinder, Ingenieur und selbst\u00e4ndig als Bausachverst\u00e4ndiger. Urspr\u00fcnglich aus Hofheim a.T., an der Bergstra\u00dfe seit 1990. Schon immer ehrenamtlich t\u00e4tig in kirchlichem Rahmen, seit einigen Jahren im Arbeitskreis Synagoge. Wir leben in einer privilegierten Region, in land- schaftlicher, wirtschaftlicher, sozialer und kultu- reller Hinsicht. Ich m\u00f6chte gerne dazu beitragen, das zu erhalten und behutsam zu entwickeln. In der Lokalpolitik gilt es, f\u00fcr konkrete Fragestellun- gen zielf\u00fchrende Antworten zu entwickeln. Dazu darf man gerne \u00fcber Parteigrenzen hinaus- denken. Immer ist es wichtig, sich \u00fcber die grundlegenden Werte zu verst\u00e4ndigen und diese zu wahren. So l\u00e4sst sich das Gemeinwohl \u00fcber Partikularinteressen stellen.<\/p>\n","protected":false},"excerpt":{"rendered":"<p>Jahrgang 1962, gl\u00fccklich verheiratet, 3 erwachsene Kinder, Ingenieur und selbst\u00e4ndig als Bausachverst\u00e4ndiger. Urspr\u00fcnglich aus Hofheim a.T., an der Bergstra\u00dfe seit 1990. Schon immer ehrenamtlich t\u00e4tig in kirchlichem Rahmen, seit einigen Jahren im Arbeitskreis Synagoge. Wir leben in einer privilegierten Region, in land- schaftlicher, wirtschaftlicher, sozialer und kultu- reller Hinsicht. Ich m\u00f6chte gerne dazu beitragen, das &hellip; <a href=\"https:\/\/gud-zwingenberg.de\/?page_id=1448\" class=\"more-link\"><span class=\"screen-reader-text\">Martin Giebeler<\/span> weiterlesen<\/a><\/p>\n","protected":false},"author":2,"featured_media":0,"parent":120,"menu_order":0,"comment_status":"closed","ping_status":"closed","template":"","meta":{"footnotes":""},"class_list":["post-1448","page","type-page","status-publish","hentry"],"jetpack_sharing_enabled":true,"jetpack_shortlink":"https:\/\/wp.me\/P7BMaa-nm","jetpack-related-posts":[],"_links":{"self":[{"href":"https:\/\/gud-zwingenberg.de\/index.php?rest_route=\/wp\/v2\/pages\/1448","targetHints":{"allow":["GET"]}}],"collection":[{"href":"https:\/\/gud-zwingenberg.de\/index.php?rest_route=\/wp\/v2\/pages"}],"about":[{"href":"https:\/\/gud-zwingenberg.de\/index.php?rest_route=\/wp\/v2\/types\/page"}],"author":[{"embeddable":true,"href":"https:\/\/gud-zwingenberg.de\/index.php?rest_route=\/wp\/v2\/users\/2"}],"replies":[{"embeddable":true,"href":"https:\/\/gud-zwingenberg.de\/index.php?rest_route=%2Fwp%2Fv2%2Fcomments&post=1448"}],"version-history":[{"count":3,"href":"https:\/\/gud-zwingenberg.de\/index.php?rest_route=\/wp\/v2\/pages\/1448\/revisions"}],"predecessor-version":[{"id":1485,"href":"https:\/\/gud-zwingenberg.de\/index.php?rest_route=\/wp\/v2\/pages\/1448\/revisions\/1485"}],"up":[{"embeddable":true,"href":"https:\/\/gud-zwingenberg.de\/index.php?rest_route=\/wp\/v2\/pages\/120"}],"wp:attachment":[{"href":"https:\/\/gud-zwingenberg.de\/index.php?rest_route=%2Fwp%2Fv2%2Fmedia&parent=1448"}],"curies":[{"name":"wp","href":"https:\/\/api.w.org\/{rel}","templated":true}]}}