{"id":1456,"date":"2021-02-15T17:32:03","date_gmt":"2021-02-15T17:32:03","guid":{"rendered":"https:\/\/gud-zwingenberg.de\/?page_id=1456"},"modified":"2021-02-15T17:38:22","modified_gmt":"2021-02-15T17:38:22","slug":"dr-anne-kattrin-lessing","status":"publish","type":"page","link":"https:\/\/gud-zwingenberg.de\/?page_id=1456","title":{"rendered":"Dr. Anne-Kattrin Lessing"},"content":{"rendered":"\n<div class=\"wp-block-image\"><figure class=\"alignleft size-large\"><img loading=\"lazy\" decoding=\"async\" width=\"315\" height=\"433\" data-attachment-id=\"1483\" data-permalink=\"https:\/\/gud-zwingenberg.de\/?attachment_id=1483\" data-orig-file=\"https:\/\/gud-zwingenberg.de\/wp-content\/uploads\/2021\/02\/Anne-Kattrin-Lessing.png\" data-orig-size=\"315,433\" data-comments-opened=\"0\" data-image-meta=\"{&quot;aperture&quot;:&quot;0&quot;,&quot;credit&quot;:&quot;&quot;,&quot;camera&quot;:&quot;&quot;,&quot;caption&quot;:&quot;&quot;,&quot;created_timestamp&quot;:&quot;0&quot;,&quot;copyright&quot;:&quot;&quot;,&quot;focal_length&quot;:&quot;0&quot;,&quot;iso&quot;:&quot;0&quot;,&quot;shutter_speed&quot;:&quot;0&quot;,&quot;title&quot;:&quot;&quot;,&quot;orientation&quot;:&quot;0&quot;}\" data-image-title=\"Anne-Kattrin Lessing\" data-image-description=\"\" data-image-caption=\"\" data-medium-file=\"https:\/\/gud-zwingenberg.de\/wp-content\/uploads\/2021\/02\/Anne-Kattrin-Lessing-218x300.png\" data-large-file=\"https:\/\/gud-zwingenberg.de\/wp-content\/uploads\/2021\/02\/Anne-Kattrin-Lessing.png\" src=\"https:\/\/gud-zwingenberg.de\/wp-content\/uploads\/2021\/02\/Anne-Kattrin-Lessing.png\" alt=\"\" class=\"wp-image-1483\" srcset=\"https:\/\/gud-zwingenberg.de\/wp-content\/uploads\/2021\/02\/Anne-Kattrin-Lessing.png 315w, https:\/\/gud-zwingenberg.de\/wp-content\/uploads\/2021\/02\/Anne-Kattrin-Lessing-218x300.png 218w\" sizes=\"auto, (max-width: 315px) 100vw, 315px\" \/><\/figure><\/div>\n\n\n\n<p>64, Fach\u00e4rztin f\u00fcr Kinder- und Jugendmedizin, nicht mehr berufst\u00e4tig, zwei erwachsene Kinder. Seit 1998 wohnhaft in Zwingenberg, einem Ort, in dem es sich gut leben l\u00e4sst. F\u00fcr die Erhaltung und Entwicklung des St\u00e4dtchens unter verst\u00e4rkt \u201egr\u00fcnen\u201c Aspekten m\u00f6chte ich mich gern einsetzen.<\/p>\n","protected":false},"excerpt":{"rendered":"<p>64, Fach\u00e4rztin f\u00fcr Kinder- und Jugendmedizin, nicht mehr berufst\u00e4tig, zwei erwachsene Kinder. Seit 1998 wohnhaft in Zwingenberg, einem Ort, in dem es sich gut leben l\u00e4sst. F\u00fcr die Erhaltung und Entwicklung des St\u00e4dtchens unter verst\u00e4rkt \u201egr\u00fcnen\u201c Aspekten m\u00f6chte ich mich gern einsetzen.<\/p>\n","protected":false},"author":2,"featured_media":0,"parent":120,"menu_order":0,"comment_status":"closed","ping_status":"closed","template":"","meta":{"footnotes":""},"class_list":["post-1456","page","type-page","status-publish","hentry"],"jetpack_sharing_enabled":true,"jetpack_shortlink":"https:\/\/wp.me\/P7BMaa-nu","jetpack-related-posts":[],"_links":{"self":[{"href":"https:\/\/gud-zwingenberg.de\/index.php?rest_route=\/wp\/v2\/pages\/1456","targetHints":{"allow":["GET"]}}],"collection":[{"href":"https:\/\/gud-zwingenberg.de\/index.php?rest_route=\/wp\/v2\/pages"}],"about":[{"href":"https:\/\/gud-zwingenberg.de\/index.php?rest_route=\/wp\/v2\/types\/page"}],"author":[{"embeddable":true,"href":"https:\/\/gud-zwingenberg.de\/index.php?rest_route=\/wp\/v2\/users\/2"}],"replies":[{"embeddable":true,"href":"https:\/\/gud-zwingenberg.de\/index.php?rest_route=%2Fwp%2Fv2%2Fcomments&post=1456"}],"version-history":[{"count":2,"href":"https:\/\/gud-zwingenberg.de\/index.php?rest_route=\/wp\/v2\/pages\/1456\/revisions"}],"predecessor-version":[{"id":1484,"href":"https:\/\/gud-zwingenberg.de\/index.php?rest_route=\/wp\/v2\/pages\/1456\/revisions\/1484"}],"up":[{"embeddable":true,"href":"https:\/\/gud-zwingenberg.de\/index.php?rest_route=\/wp\/v2\/pages\/120"}],"wp:attachment":[{"href":"https:\/\/gud-zwingenberg.de\/index.php?rest_route=%2Fwp%2Fv2%2Fmedia&parent=1456"}],"curies":[{"name":"wp","href":"https:\/\/api.w.org\/{rel}","templated":true}]}}