{"id":175,"date":"2016-04-04T23:26:00","date_gmt":"2016-04-04T21:26:00","guid":{"rendered":"http:\/\/diskstation\/wordpress\/?page_id=175"},"modified":"2021-02-14T21:17:27","modified_gmt":"2021-02-14T21:17:27","slug":"evelyn-berg","status":"publish","type":"page","link":"https:\/\/gud-zwingenberg.de\/?page_id=175","title":{"rendered":"Evelyn Berg"},"content":{"rendered":"\n<div class=\"wp-block-image\"><figure class=\"alignleft size-large is-resized\"><img loading=\"lazy\" decoding=\"async\" data-attachment-id=\"1377\" data-permalink=\"https:\/\/gud-zwingenberg.de\/?attachment_id=1377\" data-orig-file=\"https:\/\/gud-zwingenberg.de\/wp-content\/uploads\/2021\/02\/Evelyn.png\" data-orig-size=\"190,282\" data-comments-opened=\"0\" data-image-meta=\"{&quot;aperture&quot;:&quot;0&quot;,&quot;credit&quot;:&quot;&quot;,&quot;camera&quot;:&quot;&quot;,&quot;caption&quot;:&quot;&quot;,&quot;created_timestamp&quot;:&quot;0&quot;,&quot;copyright&quot;:&quot;&quot;,&quot;focal_length&quot;:&quot;0&quot;,&quot;iso&quot;:&quot;0&quot;,&quot;shutter_speed&quot;:&quot;0&quot;,&quot;title&quot;:&quot;&quot;,&quot;orientation&quot;:&quot;0&quot;}\" data-image-title=\"Evelyn\" data-image-description=\"\" data-image-caption=\"\" data-medium-file=\"https:\/\/gud-zwingenberg.de\/wp-content\/uploads\/2021\/02\/Evelyn.png\" data-large-file=\"https:\/\/gud-zwingenberg.de\/wp-content\/uploads\/2021\/02\/Evelyn.png\" src=\"https:\/\/gud-zwingenberg.de\/wp-content\/uploads\/2021\/02\/Evelyn.png\" alt=\"\" class=\"wp-image-1377\" width=\"213\" height=\"316\"\/><\/figure><\/div>\n\n\n\n<p>63 Jahre, verheiratet, zwei erwachsene Kinder, Diplomsoziologin, in der Bildungsberatung und Arbeitsvermittlung t\u00e4tig. <\/p>\n\n\n\n<p>Seit 1997 in der Kommunalpolitik aktiv, seit 2001 Kreistagsabgeordnete und ehrenamtliche Stadtr\u00e4tin in Zwingenberg. <\/p>\n\n\n\n<p>Zu nachhaltiger Politik geh\u00f6rt eine bessere Radwegeausstattung, mehr Gr\u00fcn und mehr Teilhabe.<\/p>\n","protected":false},"excerpt":{"rendered":"<p>63 Jahre, verheiratet, zwei erwachsene Kinder, Diplomsoziologin, in der Bildungsberatung und Arbeitsvermittlung t\u00e4tig. Seit 1997 in der Kommunalpolitik aktiv, seit 2001 Kreistagsabgeordnete und ehrenamtliche Stadtr\u00e4tin in Zwingenberg. Zu nachhaltiger Politik geh\u00f6rt eine bessere Radwegeausstattung, mehr Gr\u00fcn und mehr Teilhabe.<\/p>\n","protected":false},"author":2,"featured_media":0,"parent":0,"menu_order":0,"comment_status":"closed","ping_status":"closed","template":"","meta":{"footnotes":""},"class_list":["post-175","page","type-page","status-publish","hentry"],"jetpack_sharing_enabled":false,"jetpack_shortlink":"https:\/\/wp.me\/P7BMaa-2P","jetpack-related-posts":[],"_links":{"self":[{"href":"https:\/\/gud-zwingenberg.de\/index.php?rest_route=\/wp\/v2\/pages\/175","targetHints":{"allow":["GET"]}}],"collection":[{"href":"https:\/\/gud-zwingenberg.de\/index.php?rest_route=\/wp\/v2\/pages"}],"about":[{"href":"https:\/\/gud-zwingenberg.de\/index.php?rest_route=\/wp\/v2\/types\/page"}],"author":[{"embeddable":true,"href":"https:\/\/gud-zwingenberg.de\/index.php?rest_route=\/wp\/v2\/users\/2"}],"replies":[{"embeddable":true,"href":"https:\/\/gud-zwingenberg.de\/index.php?rest_route=%2Fwp%2Fv2%2Fcomments&post=175"}],"version-history":[{"count":16,"href":"https:\/\/gud-zwingenberg.de\/index.php?rest_route=\/wp\/v2\/pages\/175\/revisions"}],"predecessor-version":[{"id":1461,"href":"https:\/\/gud-zwingenberg.de\/index.php?rest_route=\/wp\/v2\/pages\/175\/revisions\/1461"}],"wp:attachment":[{"href":"https:\/\/gud-zwingenberg.de\/index.php?rest_route=%2Fwp%2Fv2%2Fmedia&parent=175"}],"curies":[{"name":"wp","href":"https:\/\/api.w.org\/{rel}","templated":true}]}}