{"id":177,"date":"2016-04-04T23:26:24","date_gmt":"2016-04-04T21:26:24","guid":{"rendered":"http:\/\/diskstation\/wordpress\/?page_id=177"},"modified":"2026-02-04T19:28:40","modified_gmt":"2026-02-04T19:28:40","slug":"ulrich-kuehnhold","status":"publish","type":"page","link":"https:\/\/gud-zwingenberg.de\/?page_id=177","title":{"rendered":"Ulrich K\u00fchnhold"},"content":{"rendered":"<div class=\"wp-block-image\">\n<figure class=\"alignleft size-large is-resized\"><img loading=\"lazy\" decoding=\"async\" width=\"375\" height=\"452\" data-attachment-id=\"1361\" data-permalink=\"https:\/\/gud-zwingenberg.de\/?attachment_id=1361\" data-orig-file=\"https:\/\/gud-zwingenberg.de\/wp-content\/uploads\/2021\/02\/Ulli.png\" data-orig-size=\"375,452\" data-comments-opened=\"0\" data-image-meta=\"{&quot;aperture&quot;:&quot;0&quot;,&quot;credit&quot;:&quot;&quot;,&quot;camera&quot;:&quot;&quot;,&quot;caption&quot;:&quot;&quot;,&quot;created_timestamp&quot;:&quot;0&quot;,&quot;copyright&quot;:&quot;&quot;,&quot;focal_length&quot;:&quot;0&quot;,&quot;iso&quot;:&quot;0&quot;,&quot;shutter_speed&quot;:&quot;0&quot;,&quot;title&quot;:&quot;&quot;,&quot;orientation&quot;:&quot;0&quot;}\" data-image-title=\"Ulli\" data-image-description=\"\" data-image-caption=\"\" data-medium-file=\"https:\/\/gud-zwingenberg.de\/wp-content\/uploads\/2021\/02\/Ulli-249x300.png\" data-large-file=\"https:\/\/gud-zwingenberg.de\/wp-content\/uploads\/2021\/02\/Ulli.png\" src=\"https:\/\/gud-zwingenberg.de\/wp-content\/uploads\/2021\/02\/Ulli.png\" alt=\"\" class=\"wp-image-1361\" style=\"width:284px;height:342px\" srcset=\"https:\/\/gud-zwingenberg.de\/wp-content\/uploads\/2021\/02\/Ulli.png 375w, https:\/\/gud-zwingenberg.de\/wp-content\/uploads\/2021\/02\/Ulli-249x300.png 249w\" sizes=\"auto, (max-width: 375px) 100vw, 375px\" \/><\/figure>\n<\/div>\n\n\n<p><span style=\"font-family: Arial;\"><\/span>68 Jahre, verheiratet, zwei erwachsene Kinder, Diplom-Wirtschaftsingenieur, Unternehmensberater, Zwingenberger seit 1987.<\/p>\n\n\n\n<p>Ich m\u00f6chte mich daf\u00fcr einsetzen, dass sich die Lebensqualit\u00e4t unserer Stadt auch unter den Vorzeichen des Klimawandels weiter positiv entwickelt. Wir m\u00fcssen auf die uns umgebende Natur achtgeben. Das klimaaktive Gr\u00fcn hat zuk\u00fcnftig eine immer wichtiger werdende Funktion in unserer Stadt, die eingebettet in eine landschaftlich attraktive Umgebung ein Kleinod an der Bergstra\u00dfe darstellt.<\/p>\n","protected":false},"excerpt":{"rendered":"<p>68 Jahre, verheiratet, zwei erwachsene Kinder, Diplom-Wirtschaftsingenieur, Unternehmensberater, Zwingenberger seit 1987. Ich m\u00f6chte mich daf\u00fcr einsetzen, dass sich die Lebensqualit\u00e4t unserer Stadt auch unter den Vorzeichen des Klimawandels weiter positiv entwickelt. Wir m\u00fcssen auf die uns umgebende Natur achtgeben. Das klimaaktive Gr\u00fcn hat zuk\u00fcnftig eine immer wichtiger werdende Funktion in unserer Stadt, die eingebettet in &hellip; <a href=\"https:\/\/gud-zwingenberg.de\/?page_id=177\" class=\"more-link\"><span class=\"screen-reader-text\">Ulrich K\u00fchnhold<\/span> weiterlesen<\/a><\/p>\n","protected":false},"author":2,"featured_media":0,"parent":0,"menu_order":0,"comment_status":"closed","ping_status":"closed","template":"","meta":{"footnotes":""},"class_list":["post-177","page","type-page","status-publish","hentry"],"jetpack_sharing_enabled":true,"jetpack_shortlink":"https:\/\/wp.me\/P7BMaa-2R","jetpack-related-posts":[],"_links":{"self":[{"href":"https:\/\/gud-zwingenberg.de\/index.php?rest_route=\/wp\/v2\/pages\/177","targetHints":{"allow":["GET"]}}],"collection":[{"href":"https:\/\/gud-zwingenberg.de\/index.php?rest_route=\/wp\/v2\/pages"}],"about":[{"href":"https:\/\/gud-zwingenberg.de\/index.php?rest_route=\/wp\/v2\/types\/page"}],"author":[{"embeddable":true,"href":"https:\/\/gud-zwingenberg.de\/index.php?rest_route=\/wp\/v2\/users\/2"}],"replies":[{"embeddable":true,"href":"https:\/\/gud-zwingenberg.de\/index.php?rest_route=%2Fwp%2Fv2%2Fcomments&post=177"}],"version-history":[{"count":9,"href":"https:\/\/gud-zwingenberg.de\/index.php?rest_route=\/wp\/v2\/pages\/177\/revisions"}],"predecessor-version":[{"id":1746,"href":"https:\/\/gud-zwingenberg.de\/index.php?rest_route=\/wp\/v2\/pages\/177\/revisions\/1746"}],"wp:attachment":[{"href":"https:\/\/gud-zwingenberg.de\/index.php?rest_route=%2Fwp%2Fv2%2Fmedia&parent=177"}],"curies":[{"name":"wp","href":"https:\/\/api.w.org\/{rel}","templated":true}]}}